{"id":731,"date":"2013-10-30T14:36:41","date_gmt":"2013-10-30T14:36:41","guid":{"rendered":"http:\/\/shintokarateryu.fr\/?page_id=731"},"modified":"2018-12-28T15:26:23","modified_gmt":"2018-12-28T15:26:23","slug":"calendrier-des-grades-2013-2014","status":"publish","type":"page","link":"https:\/\/shintokarateryu.fr\/?page_id=731","title":{"rendered":"Calendrier des grades 2018 \/ 2019"},"content":{"rendered":"<p>Sous r\u00e9serve de modifications ponctuelles des dates et lieux<br \/>\nJury, Candidat, Professeurs Obligatoirement en tenue civile<\/p>\n<table>\n<tbody>\n<tr>\n<th style=\"text-align: center;\" colspan=\"2\">NOVEMBRE 2018<\/th>\n<\/tr>\n<tr>\n<td>Samedi 10<br \/>\nCOSEC<br \/>\nLivry-Gargang<\/td>\n<td><strong>Stage informatif Karat\u00e9 1er, 2\u00e8me et 3\u00e8me Dan<\/strong><br \/>\n<strong>9h00 \u00e0 12h00:&nbsp;<\/strong>Jury et Professeurs<br \/>\n<strong>13h30 \u00e0 16h30 :&nbsp;<\/strong>Candidats<\/td>\n<\/tr>\n<tr>\n<th style=\"text-align: center;\" colspan=\"2\">DECEMBRE 2018<\/th>\n<\/tr>\n<tr>\n<td>Dimanche 9<br \/>\nCOSEC<br \/>\nLivry-Gargang<\/td>\n<td><strong>Passage de grade<\/strong><br \/>\n<strong> Karat\u00e9 1er, 2\u00e8me et 3\u00e8me Dan<br \/>\n<\/strong>\u00e0 9h00<\/td>\n<\/tr>\n<tr>\n<th style=\"text-align: center;\" colspan=\"2\">FEVRIER 2019<\/th>\n<\/tr>\n<tr>\n<td>Samedi 9<br \/>\nCOSEC<br \/>\nLivry-Gargang<\/td>\n<td><strong>Stage informatif 1er Dan<\/strong><br \/>\n<strong>Karat\u00e9 :<\/strong> Candidats<br \/>\n<strong>AMV &#8211; Krav Maga &#8211; Associ\u00e9s :<\/strong> Jury et Professeurs uniquement<br \/>\nde 9h00 \u00e0 13h00<\/td>\n<\/tr>\n<tr>\n<th style=\"text-align: center;\" colspan=\"2\">MARS 2016<\/th>\n<\/tr>\n<tr>\n<td>Samedi 23<br \/>\nCOSEC<br \/>\nLivry-GargangSamedi 24<br \/>\nCOSEC<br \/>\nLivry-Gargang<\/td>\n<td><strong>Stage informatif Karat\u00e9 4\u00e8me Dan<\/strong><br \/>\nCandidats et Professeurs<br \/>\nde 9h00 \u00e0 13h00<strong>Passage de grades&nbsp;<\/strong><strong>Karat\u00e9 1er Dan,&nbsp;<\/strong><strong>AMV &#8211; Krav Maga &#8211; associ\u00e9s<br \/>\n<\/strong>\u00e0 9h00<\/td>\n<\/tr>\n<tr>\n<th style=\"text-align: center;\" colspan=\"2\">&nbsp;<\/th>\n<\/tr>\n<tr>\n<td>&nbsp;<\/td>\n<td>&nbsp;<\/td>\n<\/tr>\n<tr>\n<th style=\"text-align: center;\" colspan=\"2\">MAI 2016<\/th>\n<\/tr>\n<tr>\n<td>Samedi 11<br \/>\nCOSEC<br \/>\nLivry-Gargang<\/td>\n<td><strong>Stage Informatif 1er, 2\u00e8me et 3\u00e8me Dan Karat\u00e9<br \/>\n9h00 \u00e0 12h00 :&nbsp;<\/strong>Jury et Professeurs<br \/>\n<strong>13h30 \u00e0 16h30 :<\/strong> Candidats<\/td>\n<\/tr>\n<tr>\n<th style=\"text-align: center;\" colspan=\"2\">JUIN 2016<\/th>\n<\/tr>\n<tr>\n<td>Dimanche 16<br \/>\nLamberdi\u00e8re<br \/>\nVillepinte<\/td>\n<td><strong>Passage de grade 4\u00e8me Dan Karat\u00e9<br \/>\n<\/strong>\u00e0 9h00<\/td>\n<\/tr>\n<tr>\n<td>Samedi 23<br \/>\nCOSEC<br \/>\nLivry-Gargang<\/td>\n<td><strong>Passage de grade 1er, 2\u00e8me et 3\u00e8me Dan Karat\u00e9<br \/>\n<\/strong>\u00e0 9h00<\/td>\n<\/tr>\n<\/tbody>\n<\/table>\n<p>Lieu :<br \/>\nGymnase&nbsp;COSEC &#8211; 225 chemin des Postes LIVRY GARGAN<br \/>\nGymnase LAMBERDIERE &#8211; A avenue Jean Fourgeaud VILLEPINTE<\/p>\n<div class=\"m_8069937327949633069gmail-box\"><strong>Rappel pour les inscriptions :<\/strong><br \/>\nVous avez un d\u00e9lai minimum de 30 jours avant la date de passage de grade&nbsp;<strong>(cachet de la poste faisant foi)<\/strong>&nbsp;pour adresser votre dossier d\u2019inscription au passage du 1er, 2\u00e8me, 3\u00e8me ou 4\u00e8me DAN au comit\u00e9 d\u00e9partemental.<\/div>\n<div class=\"m_8069937327949633069gmail-box\">Le co\u00fbt des passages de grade est de 50\u20ac pour cette saison.<\/div>\n<div class=\"m_8069937327949633069gmail-box\">&nbsp;.<\/div>\n<div class=\"m_8069937327949633069gmail-box\"><strong>Liste des documents a envoy\u00e9 par le candidat :<\/strong><\/div>\n<ul>\n<li>Fiche d\u2019inscription avec photo.&nbsp;<\/li>\n<li>Attestation historique des licences, authentification des grades et Dans (valid\u00e9s par la CSDGE de la FFK)<\/li>\n<li>Copie des UV d\u00e9j\u00e0 obtenues dans le grade pr\u00e9sent\u00e9.<\/li>\n<li>S\u2019acquitter des frais d\u2019inscription d\u2019un montant de&nbsp;<strong>50 \u20ac<\/strong>&nbsp;(r\u00e8glement par un ch\u00e8que de&nbsp;<strong>votre CLUB&nbsp;<\/strong>\u00e0 l\u2019ordre : FFKDA Comit\u00e9 93)<\/li>\n<li>Une enveloppe timbr\u00e9 ordinaire avec nom et adresse du candidat<\/li>\n<li>Une enveloppe format A4 affranchie (timbr\u00e9) \u00e0 3,00 \u20ac avec nom et adresse du candidat.<\/li>\n<\/ul>\n<p><strong>L<\/strong><strong>e passeport&nbsp;bleu&nbsp;est obligatoire le jour de l\u2019examen, en cas de pr\u00e9sentation du candidat avec un passeport&nbsp;rouge&nbsp;(enfants), ce dernier&nbsp;<u>ne pourra pas passer son grade.<br \/>\n<\/u><\/strong><\/p>\n<p><strong>Tous les dossiers incomplets seront refus\u00e9s.<\/strong><\/p>\n<p><strong>Pourquoi ? car ils seront rejet\u00e9s lors de la validation du grade au niveau national.<u><br \/>\n<\/u><\/strong><\/p>\n<p><strong>Pourquoi ? car son passage de grades sera rejet\u00e9 lors de la validation du grade au niveau national.<u><br \/>\n<\/u><\/strong><\/p>\n<div class=\"m_8069937327949633069gmail-box\">Envoy\u00e9 l\u2019ensemble des documents a l\u2019adresse ci-dessous :<\/div>\n<div class=\"m_8069937327949633069gmail-box\"><strong>Monsieur JEANDILLOU Patrick<\/strong><br \/>\n<strong>28 avenue Beausejour<\/strong><br \/>\n<strong>93470 Coubron<br \/>\n<\/strong><\/div>\n<div class=\"m_8069937327949633069gmail-box\"><strong>&nbsp;<\/strong><\/div>\n<div class=\"m_8069937327949633069gmail-box\"><i>Sportivement. Patrick Jeandillou&nbsp;<br \/>\n<\/i><\/div>\n<div class=\"m_8069937327949633069gmail-box\"><i>Email :&nbsp;<a href=\"mailto:patrick.jeandillou@finances.gouv.fr\" target=\"_blank\" rel=\"noopener\">patrick.jeandillou@finances.<wbr>gouv.fr<\/a><br \/>\n<\/i><\/div>\n<div class=\"m_8069937327949633069gmail-box\"><i>T\u00e9l : 06 61 11 29 82<\/i><strong><br \/>\n<\/strong><\/div>\n<div class=\"m_8069937327949633069gmail-box\">&nbsp;<\/div>\n<p>&nbsp;<\/p>\n","protected":false},"excerpt":{"rendered":"<p>Sous r\u00e9serve de modifications ponctuelles des dates et lieux Jury, Candidat, Professeurs Obligatoirement en tenue civile NOVEMBRE 2018 Samedi 10 COSEC Livry-Gargang Stage informatif Karat\u00e9 1er, 2\u00e8me et 3\u00e8me Dan 9h00 \u00e0 12h00:&nbsp;Jury et Professeurs 13h30 \u00e0 16h30 :&nbsp;Candidats DECEMBRE 2018 Dimanche 9 COSEC Livry-Gargang Passage de grade Karat\u00e9 1er, 2\u00e8me et 3\u00e8me Dan \u00e0 &hellip;<\/p>\n<p class=\"read-more\"> <a class=\"\" href=\"https:\/\/shintokarateryu.fr\/?page_id=731\"> <span class=\"screen-reader-text\">Calendrier des grades 2018 \/ 2019<\/span> Lire la suite\u00a0\u00bb<\/a><\/p>\n","protected":false},"author":1,"featured_media":0,"parent":89,"menu_order":0,"comment_status":"closed","ping_status":"closed","template":"","meta":{"site-sidebar-layout":"default","site-content-layout":"default","ast-global-header-display":"","ast-banner-title-visibility":"","ast-main-header-display":"","ast-hfb-above-header-display":"","ast-hfb-below-header-display":"","ast-hfb-mobile-header-display":"","site-post-title":"","ast-breadcrumbs-content":"","ast-featured-img":"","footer-sml-layout":"","theme-transparent-header-meta":"","adv-header-id-meta":"","stick-header-meta":"","header-above-stick-meta":"","header-main-stick-meta":"","header-below-stick-meta":"","ngg_post_thumbnail":0},"_links":{"self":[{"href":"https:\/\/shintokarateryu.fr\/index.php?rest_route=\/wp\/v2\/pages\/731"}],"collection":[{"href":"https:\/\/shintokarateryu.fr\/index.php?rest_route=\/wp\/v2\/pages"}],"about":[{"href":"https:\/\/shintokarateryu.fr\/index.php?rest_route=\/wp\/v2\/types\/page"}],"author":[{"embeddable":true,"href":"https:\/\/shintokarateryu.fr\/index.php?rest_route=\/wp\/v2\/users\/1"}],"replies":[{"embeddable":true,"href":"https:\/\/shintokarateryu.fr\/index.php?rest_route=%2Fwp%2Fv2%2Fcomments&post=731"}],"version-history":[{"count":21,"href":"https:\/\/shintokarateryu.fr\/index.php?rest_route=\/wp\/v2\/pages\/731\/revisions"}],"predecessor-version":[{"id":1114,"href":"https:\/\/shintokarateryu.fr\/index.php?rest_route=\/wp\/v2\/pages\/731\/revisions\/1114"}],"up":[{"embeddable":true,"href":"https:\/\/shintokarateryu.fr\/index.php?rest_route=\/wp\/v2\/pages\/89"}],"wp:attachment":[{"href":"https:\/\/shintokarateryu.fr\/index.php?rest_route=%2Fwp%2Fv2%2Fmedia&parent=731"}],"curies":[{"name":"wp","href":"https:\/\/api.w.org\/{rel}","templated":true}]}}