{"id":576,"date":"2012-11-02T11:56:07","date_gmt":"2012-11-02T11:56:07","guid":{"rendered":"http:\/\/shintokarateryu.fr\/?page_id=576"},"modified":"2015-09-28T12:12:48","modified_gmt":"2015-09-28T12:12:48","slug":"entrainements-elite","status":"publish","type":"page","link":"https:\/\/shintokarateryu.fr\/?page_id=576","title":{"rendered":"Entra\u00eenements Elite"},"content":{"rendered":"<h2 style=\"text-align: center;\">Calendrier 2015-2016 des entra\u00eenements Elite<\/h2>\n<p>Sous r\u00e9serve de modifications ponctuelles des dates et lieux<\/p>\n<table>\n<tbody>\n<tr>\n<th style=\"text-align: center;\" colspan=\"2\">SEPTEMBRE 2015<\/th>\n<\/tr>\n<tr>\n<td>Samedi 26<\/td>\n<td>Pr\u00e9-selection<\/td>\n<\/tr>\n<tr>\n<th style=\"text-align: center;\" colspan=\"2\">OCTOBRE 2015<\/th>\n<\/tr>\n<tr>\n<td>Samedi 17<\/td>\n<td>1 NOV OPEN ADIDAS MINIMES<\/td>\n<\/tr>\n<tr>\n<th style=\"text-align: center;\" colspan=\"2\">NOVEMBRE 2015<\/th>\n<\/tr>\n<tr>\n<td>Samedi 7<\/td>\n<td rowspan=\"2\">1 NOV OPEN ADIDAS MINIMES<\/td>\n<\/tr>\n<tr>\n<td>Samedi 14<\/td>\n<\/tr>\n<tr>\n<th style=\"text-align: center;\" colspan=\"2\">JANVIER 2016<\/th>\n<\/tr>\n<tr>\n<td>Samedi 16<\/td>\n<td>ENTRAINEMENT ELITE<\/td>\n<\/tr>\n<tr>\n<th style=\"text-align: center;\" colspan=\"2\">FEVRIER 2016<\/th>\n<\/tr>\n<tr>\n<td>Samedi 06<\/td>\n<td>ENTRAINEMENT ELITE<\/td>\n<\/tr>\n<tr>\n<th style=\"text-align: center;\" colspan=\"2\">MARS 2016<\/th>\n<\/tr>\n<tr>\n<td>Samedi 19<\/td>\n<td>26-27 mars, open d&rsquo;Orl\u00e9ans<\/td>\n<\/tr>\n<tr>\n<th style=\"text-align: center;\" colspan=\"2\">AVRIL 2016<\/th>\n<\/tr>\n<tr>\n<td>Samedi 9<\/td>\n<td rowspan=\"2\">23-24 avril, championnat de France minimes<\/td>\n<\/tr>\n<tr>\n<td>Samedi 16<\/td>\n<\/tr>\n<tr>\n<td>Samedi 30<\/td>\n<td>14-15 mai, coupe de France pupilles<\/td>\n<\/tr>\n<tr>\n<th style=\"text-align: center;\" colspan=\"2\">MAI 2016<\/th>\n<\/tr>\n<tr>\n<td>Samedi 7<\/td>\n<td>14-15 mai, coupe de France pupilles<\/td>\n<\/tr>\n<tr>\n<td>Samedi 21<\/td>\n<td>28-29 mai, coupe de France Benjamins<\/td>\n<\/tr>\n<tr>\n<th style=\"text-align: center;\" colspan=\"2\">JUIN 2016<\/th>\n<\/tr>\n<tr>\n<td>Samedi 4<\/td>\n<td>11-12 juin, coupe de France zone nord Minimes<\/td>\n<\/tr>\n<\/tbody>\n<\/table>\n<p>Lieu : Gymnase Lamberdi\u00e8re &#8211; 1 rue Jean Fourgeaud &#8211; 93420 VILLEPINTE<\/p>\n","protected":false},"excerpt":{"rendered":"<p>Calendrier 2015-2016 des entra\u00eenements Elite Sous r\u00e9serve de modifications ponctuelles des dates et lieux SEPTEMBRE 2015 Samedi 26 Pr\u00e9-selection OCTOBRE 2015 Samedi 17 1 NOV OPEN ADIDAS MINIMES NOVEMBRE 2015 Samedi 7 1 NOV OPEN ADIDAS MINIMES Samedi 14 JANVIER 2016 Samedi 16 ENTRAINEMENT ELITE FEVRIER 2016 Samedi 06 ENTRAINEMENT ELITE MARS 2016 Samedi 19 &hellip;<\/p>\n<p class=\"read-more\"> <a class=\"\" href=\"https:\/\/shintokarateryu.fr\/?page_id=576\"> <span class=\"screen-reader-text\">Entra\u00eenements Elite<\/span> Lire la suite\u00a0\u00bb<\/a><\/p>\n","protected":false},"author":1,"featured_media":0,"parent":89,"menu_order":0,"comment_status":"closed","ping_status":"closed","template":"","meta":{"site-sidebar-layout":"default","site-content-layout":"default","ast-global-header-display":"","ast-banner-title-visibility":"","ast-main-header-display":"","ast-hfb-above-header-display":"","ast-hfb-below-header-display":"","ast-hfb-mobile-header-display":"","site-post-title":"","ast-breadcrumbs-content":"","ast-featured-img":"","footer-sml-layout":"","theme-transparent-header-meta":"","adv-header-id-meta":"","stick-header-meta":"","header-above-stick-meta":"","header-main-stick-meta":"","header-below-stick-meta":"","ngg_post_thumbnail":0},"_links":{"self":[{"href":"https:\/\/shintokarateryu.fr\/index.php?rest_route=\/wp\/v2\/pages\/576"}],"collection":[{"href":"https:\/\/shintokarateryu.fr\/index.php?rest_route=\/wp\/v2\/pages"}],"about":[{"href":"https:\/\/shintokarateryu.fr\/index.php?rest_route=\/wp\/v2\/types\/page"}],"author":[{"embeddable":true,"href":"https:\/\/shintokarateryu.fr\/index.php?rest_route=\/wp\/v2\/users\/1"}],"replies":[{"embeddable":true,"href":"https:\/\/shintokarateryu.fr\/index.php?rest_route=%2Fwp%2Fv2%2Fcomments&post=576"}],"version-history":[{"count":9,"href":"https:\/\/shintokarateryu.fr\/index.php?rest_route=\/wp\/v2\/pages\/576\/revisions"}],"predecessor-version":[{"id":940,"href":"https:\/\/shintokarateryu.fr\/index.php?rest_route=\/wp\/v2\/pages\/576\/revisions\/940"}],"up":[{"embeddable":true,"href":"https:\/\/shintokarateryu.fr\/index.php?rest_route=\/wp\/v2\/pages\/89"}],"wp:attachment":[{"href":"https:\/\/shintokarateryu.fr\/index.php?rest_route=%2Fwp%2Fv2%2Fmedia&parent=576"}],"curies":[{"name":"wp","href":"https:\/\/api.w.org\/{rel}","templated":true}]}}