{"id":1800,"date":"2022-05-28T20:16:00","date_gmt":"2022-05-28T20:16:00","guid":{"rendered":"http:\/\/shintokarateryu.fr\/?page_id=1800"},"modified":"2022-06-12T18:52:20","modified_gmt":"2022-06-12T18:52:20","slug":"ohyo-kumites","status":"publish","type":"page","link":"https:\/\/shintokarateryu.fr\/?page_id=1800","title":{"rendered":"Ohyo Kumit\u00e9"},"content":{"rendered":"<div data-elementor-type=\"wp-page\" data-elementor-id=\"1800\" class=\"elementor elementor-1800\">\n\t\t\t\t\t\t\t\t\t<section class=\"elementor-section elementor-top-section elementor-element elementor-element-768e005 elementor-section-boxed elementor-section-height-default elementor-section-height-default\" data-id=\"768e005\" data-element_type=\"section\">\n\t\t\t\t\t\t<div class=\"elementor-container elementor-column-gap-default\">\n\t\t\t\t\t<div class=\"elementor-column elementor-col-100 elementor-top-column elementor-element elementor-element-bcdedf2\" data-id=\"bcdedf2\" data-element_type=\"column\">\n\t\t\t<div class=\"elementor-widget-wrap elementor-element-populated\">\n\t\t\t\t\t\t\t\t\t<\/div>\n\t\t<\/div>\n\t\t\t\t\t\t\t<\/div>\n\t\t<\/section>\n\t\t\t\t<section class=\"elementor-section elementor-top-section elementor-element elementor-element-849641b elementor-section-boxed elementor-section-height-default elementor-section-height-default\" data-id=\"849641b\" data-element_type=\"section\" data-settings=\"{&quot;background_background&quot;:&quot;classic&quot;}\">\n\t\t\t\t\t\t<div class=\"elementor-container elementor-column-gap-default\">\n\t\t\t\t\t<div class=\"elementor-column elementor-col-100 elementor-top-column elementor-element elementor-element-de427b7\" data-id=\"de427b7\" data-element_type=\"column\" data-settings=\"{&quot;background_background&quot;:&quot;classic&quot;}\">\n\t\t\t<div class=\"elementor-widget-wrap elementor-element-populated\">\n\t\t\t\t\t\t\t\t<div class=\"elementor-element elementor-element-58112b8 elementor-widget elementor-widget-heading\" data-id=\"58112b8\" data-element_type=\"widget\" data-widget_type=\"heading.default\">\n\t\t\t\t<div class=\"elementor-widget-container\">\n\t\t\t<style>\/*! elementor - v3.14.0 - 26-06-2023 *\/\n.elementor-heading-title{padding:0;margin:0;line-height:1}.elementor-widget-heading .elementor-heading-title[class*=elementor-size-]>a{color:inherit;font-size:inherit;line-height:inherit}.elementor-widget-heading .elementor-heading-title.elementor-size-small{font-size:15px}.elementor-widget-heading .elementor-heading-title.elementor-size-medium{font-size:19px}.elementor-widget-heading .elementor-heading-title.elementor-size-large{font-size:29px}.elementor-widget-heading .elementor-heading-title.elementor-size-xl{font-size:39px}.elementor-widget-heading .elementor-heading-title.elementor-size-xxl{font-size:59px}<\/style><h2 class=\"elementor-heading-title elementor-size-large\">Ohyo kumit\u00e9\n\n<\/h2>\t\t<\/div>\n\t\t\t\t<\/div>\n\t\t\t\t\t<\/div>\n\t\t<\/div>\n\t\t\t\t\t\t\t<\/div>\n\t\t<\/section>\n\t\t\t\t<section class=\"elementor-section elementor-top-section elementor-element elementor-element-18b697b elementor-section-boxed elementor-section-height-default elementor-section-height-default\" data-id=\"18b697b\" data-element_type=\"section\">\n\t\t\t\t\t\t<div class=\"elementor-container elementor-column-gap-default\">\n\t\t\t\t\t<div class=\"elementor-column elementor-col-100 elementor-top-column elementor-element elementor-element-5817a5f\" data-id=\"5817a5f\" data-element_type=\"column\">\n\t\t\t<div class=\"elementor-widget-wrap\">\n\t\t\t\t\t\t\t\t\t<\/div>\n\t\t<\/div>\n\t\t\t\t\t\t\t<\/div>\n\t\t<\/section>\n\t\t\t\t<section class=\"elementor-section elementor-top-section elementor-element elementor-element-dbc91e9 elementor-section-boxed elementor-section-height-default elementor-section-height-default\" data-id=\"dbc91e9\" data-element_type=\"section\">\n\t\t\t\t\t\t<div class=\"elementor-container elementor-column-gap-default\">\n\t\t\t\t\t<div class=\"elementor-column elementor-col-100 elementor-top-column elementor-element elementor-element-83a46f1\" data-id=\"83a46f1\" data-element_type=\"column\">\n\t\t\t<div class=\"elementor-widget-wrap elementor-element-populated\">\n\t\t\t\t\t\t\t\t<div class=\"elementor-element elementor-element-55d8c2a elementor-widget elementor-widget-image\" data-id=\"55d8c2a\" data-element_type=\"widget\" data-widget_type=\"image.default\">\n\t\t\t\t<div class=\"elementor-widget-container\">\n\t\t\t<style>\/*! elementor - v3.14.0 - 26-06-2023 *\/\n.elementor-widget-image{text-align:center}.elementor-widget-image a{display:inline-block}.elementor-widget-image a img[src$=\".svg\"]{width:48px}.elementor-widget-image img{vertical-align:middle;display:inline-block}<\/style><img decoding=\"async\" width=\"1024\" height=\"591\" src=\"https:\/\/shintokarateryu.fr\/wp-content\/uploads\/2022\/05\/suzuki-tatsuo-12-scaled-e1653770668797-1024x591.jpg\" class=\"attachment-large size-large wp-image-1811\" alt=\"\" loading=\"lazy\" srcset=\"https:\/\/shintokarateryu.fr\/wp-content\/uploads\/2022\/05\/suzuki-tatsuo-12-scaled-e1653770668797-1024x591.jpg 1024w, https:\/\/shintokarateryu.fr\/wp-content\/uploads\/2022\/05\/suzuki-tatsuo-12-scaled-e1653770668797-300x173.jpg 300w, https:\/\/shintokarateryu.fr\/wp-content\/uploads\/2022\/05\/suzuki-tatsuo-12-scaled-e1653770668797-768x443.jpg 768w, https:\/\/shintokarateryu.fr\/wp-content\/uploads\/2022\/05\/suzuki-tatsuo-12-scaled-e1653770668797-1536x887.jpg 1536w, https:\/\/shintokarateryu.fr\/wp-content\/uploads\/2022\/05\/suzuki-tatsuo-12-scaled-e1653770668797-2048x1182.jpg 2048w\" sizes=\"(max-width: 1024px) 100vw, 1024px\" \/>\t\t<\/div>\n\t\t\t\t<\/div>\n\t\t\t\t<div class=\"elementor-element elementor-element-8f93c5d elementor-widget elementor-widget-text-editor\" data-id=\"8f93c5d\" data-element_type=\"widget\" data-widget_type=\"text-editor.default\">\n\t\t\t\t<div class=\"elementor-widget-container\">\n\t\t\t<style>\/*! elementor - v3.14.0 - 26-06-2023 *\/\n.elementor-widget-text-editor.elementor-drop-cap-view-stacked .elementor-drop-cap{background-color:#69727d;color:#fff}.elementor-widget-text-editor.elementor-drop-cap-view-framed .elementor-drop-cap{color:#69727d;border:3px solid;background-color:transparent}.elementor-widget-text-editor:not(.elementor-drop-cap-view-default) .elementor-drop-cap{margin-top:8px}.elementor-widget-text-editor:not(.elementor-drop-cap-view-default) .elementor-drop-cap-letter{width:1em;height:1em}.elementor-widget-text-editor .elementor-drop-cap{float:left;text-align:center;line-height:1;font-size:50px}.elementor-widget-text-editor .elementor-drop-cap-letter{display:inline-block}<\/style><p><\/p>\n<p>Les <b>Ohyo Kumite<\/b>, \u00e0 ne pas confondre avec les Kihon Kumite de ma\u00eetre <a class=\"mw-redirect\" title=\"Hironori Ohtsuka\" href=\"https:\/\/fr.wikipedia.org\/wiki\/Hironori_Ohtsuka\">Hironori Ohtsuka<\/a>, ont \u00e9t\u00e9 cr\u00e9\u00e9s par ma\u00eetre <a class=\"mw-redirect\" title=\"Tatsuo Suzuki (1928-2011)\" href=\"https:\/\/fr.wikipedia.org\/wiki\/Tatsuo_Suzuki_(1928-2011)\">Tatsuo Suzuki<\/a> quand il est arriv\u00e9 en Europe au milieu des ann\u00e9es 1960. Ce sont des techniques se travaillant par deux compos\u00e9es d&rsquo;enchainement de plusieurs mouvements. Au nombre de 8 ils sont le fruit de son exp\u00e9rience des combats libres dans les d\u00e9fis de l&rsquo;Universit\u00e9 japonaise.\n<\/p><p><br><\/p>\t\t<\/div>\n\t\t\t\t<\/div>\n\t\t\t\t\t<\/div>\n\t\t<\/div>\n\t\t\t\t\t\t\t<\/div>\n\t\t<\/section>\n\t\t\t\t<section class=\"elementor-section elementor-top-section elementor-element elementor-element-be7c2bb elementor-section-boxed elementor-section-height-default elementor-section-height-default\" data-id=\"be7c2bb\" data-element_type=\"section\">\n\t\t\t\t\t\t<div class=\"elementor-container elementor-column-gap-default\">\n\t\t\t\t\t<div class=\"elementor-column elementor-col-25 elementor-top-column elementor-element elementor-element-10dc656\" data-id=\"10dc656\" data-element_type=\"column\">\n\t\t\t<div class=\"elementor-widget-wrap elementor-element-populated\">\n\t\t\t\t\t\t\t\t<div class=\"elementor-element elementor-element-fe69988 elementor-widget elementor-widget-button\" data-id=\"fe69988\" data-element_type=\"widget\" data-widget_type=\"button.default\">\n\t\t\t\t<div class=\"elementor-widget-container\">\n\t\t\t<div class=\"elementor-button-wrapper\">\n\t\t\t<a class=\"elementor-button elementor-button-link elementor-size-sm\" href=\"http:\/\/shintokarateryu.fr\/wp-content\/uploads\/2022\/05\/Ohyo-gumite-1.mp4.mp4\" target=\"_blank\">\n\t\t\t\t\t\t<span class=\"elementor-button-content-wrapper\">\n\t\t\t\t\t\t<span class=\"elementor-button-text\">Ohyo kumit\u00e9 1<\/span>\n\t\t<\/span>\n\t\t\t\t\t<\/a>\n\t\t<\/div>\t\t<\/div>\n\t\t\t\t<\/div>\n\t\t\t\t<div class=\"elementor-element elementor-element-018c3c9 elementor-widget elementor-widget-button\" data-id=\"018c3c9\" data-element_type=\"widget\" data-widget_type=\"button.default\">\n\t\t\t\t<div class=\"elementor-widget-container\">\n\t\t\t<div class=\"elementor-button-wrapper\">\n\t\t\t<a class=\"elementor-button elementor-button-link elementor-size-sm\" href=\"http:\/\/shintokarateryu.fr\/wp-content\/uploads\/2022\/05\/Ohyo_gumite_5.mp4.mp4\" target=\"_blank\">\n\t\t\t\t\t\t<span class=\"elementor-button-content-wrapper\">\n\t\t\t\t\t\t<span class=\"elementor-button-text\">Ohyo kumit\u00e9 5<\/span>\n\t\t<\/span>\n\t\t\t\t\t<\/a>\n\t\t<\/div>\t\t<\/div>\n\t\t\t\t<\/div>\n\t\t\t\t\t<\/div>\n\t\t<\/div>\n\t\t\t\t<div class=\"elementor-column elementor-col-25 elementor-top-column elementor-element elementor-element-3682d8f\" data-id=\"3682d8f\" data-element_type=\"column\">\n\t\t\t<div class=\"elementor-widget-wrap elementor-element-populated\">\n\t\t\t\t\t\t\t\t<div class=\"elementor-element elementor-element-fb4b71b elementor-widget elementor-widget-button\" data-id=\"fb4b71b\" data-element_type=\"widget\" data-widget_type=\"button.default\">\n\t\t\t\t<div class=\"elementor-widget-container\">\n\t\t\t<div class=\"elementor-button-wrapper\">\n\t\t\t<a class=\"elementor-button elementor-button-link elementor-size-sm\" href=\"http:\/\/shintokarateryu.fr\/wp-content\/uploads\/2022\/05\/Ohyo-gumite-2.mp4.mp4\" target=\"_blank\">\n\t\t\t\t\t\t<span class=\"elementor-button-content-wrapper\">\n\t\t\t\t\t\t<span class=\"elementor-button-text\">Ohyo kumit\u00e9 2<\/span>\n\t\t<\/span>\n\t\t\t\t\t<\/a>\n\t\t<\/div>\t\t<\/div>\n\t\t\t\t<\/div>\n\t\t\t\t<div class=\"elementor-element elementor-element-56d9f46 elementor-widget elementor-widget-button\" data-id=\"56d9f46\" data-element_type=\"widget\" data-widget_type=\"button.default\">\n\t\t\t\t<div class=\"elementor-widget-container\">\n\t\t\t<div class=\"elementor-button-wrapper\">\n\t\t\t<a class=\"elementor-button elementor-button-link elementor-size-sm\" href=\"http:\/\/shintokarateryu.fr\/wp-content\/uploads\/2022\/05\/Ohyo_gumite_6.mp4.mp4\" target=\"_blank\">\n\t\t\t\t\t\t<span class=\"elementor-button-content-wrapper\">\n\t\t\t\t\t\t<span class=\"elementor-button-text\">Ohyo kumit\u00e9 6<\/span>\n\t\t<\/span>\n\t\t\t\t\t<\/a>\n\t\t<\/div>\t\t<\/div>\n\t\t\t\t<\/div>\n\t\t\t\t\t<\/div>\n\t\t<\/div>\n\t\t\t\t<div class=\"elementor-column elementor-col-25 elementor-top-column elementor-element elementor-element-e74c4ee\" data-id=\"e74c4ee\" data-element_type=\"column\">\n\t\t\t<div class=\"elementor-widget-wrap elementor-element-populated\">\n\t\t\t\t\t\t\t\t<div class=\"elementor-element elementor-element-36d8821 elementor-widget elementor-widget-button\" data-id=\"36d8821\" data-element_type=\"widget\" data-widget_type=\"button.default\">\n\t\t\t\t<div class=\"elementor-widget-container\">\n\t\t\t<div class=\"elementor-button-wrapper\">\n\t\t\t<a class=\"elementor-button elementor-button-link elementor-size-sm\" href=\"http:\/\/shintokarateryu.fr\/wp-content\/uploads\/2022\/05\/Ohyo-gumite-3.mp4.mp4\" target=\"_blank\">\n\t\t\t\t\t\t<span class=\"elementor-button-content-wrapper\">\n\t\t\t\t\t\t<span class=\"elementor-button-text\">Ohyo kumit\u00e9 3<\/span>\n\t\t<\/span>\n\t\t\t\t\t<\/a>\n\t\t<\/div>\t\t<\/div>\n\t\t\t\t<\/div>\n\t\t\t\t<div class=\"elementor-element elementor-element-d578f2c elementor-widget elementor-widget-button\" data-id=\"d578f2c\" data-element_type=\"widget\" data-widget_type=\"button.default\">\n\t\t\t\t<div class=\"elementor-widget-container\">\n\t\t\t<div class=\"elementor-button-wrapper\">\n\t\t\t<a class=\"elementor-button elementor-button-link elementor-size-sm\" href=\"http:\/\/shintokarateryu.fr\/wp-content\/uploads\/2022\/05\/Ohyo_gumite_7.mp4.mp4\" target=\"_blank\">\n\t\t\t\t\t\t<span class=\"elementor-button-content-wrapper\">\n\t\t\t\t\t\t<span class=\"elementor-button-text\">Ohyo kumit\u00e9 7<\/span>\n\t\t<\/span>\n\t\t\t\t\t<\/a>\n\t\t<\/div>\t\t<\/div>\n\t\t\t\t<\/div>\n\t\t\t\t\t<\/div>\n\t\t<\/div>\n\t\t\t\t<div class=\"elementor-column elementor-col-25 elementor-top-column elementor-element elementor-element-366df01\" data-id=\"366df01\" data-element_type=\"column\">\n\t\t\t<div class=\"elementor-widget-wrap elementor-element-populated\">\n\t\t\t\t\t\t\t\t<div class=\"elementor-element elementor-element-ef565cf elementor-widget elementor-widget-button\" data-id=\"ef565cf\" data-element_type=\"widget\" data-widget_type=\"button.default\">\n\t\t\t\t<div class=\"elementor-widget-container\">\n\t\t\t<div class=\"elementor-button-wrapper\">\n\t\t\t<a class=\"elementor-button elementor-button-link elementor-size-sm\" href=\"http:\/\/shintokarateryu.fr\/wp-content\/uploads\/2022\/05\/Ohyo_gumite_4.mp4.mp4\" target=\"_blank\">\n\t\t\t\t\t\t<span class=\"elementor-button-content-wrapper\">\n\t\t\t\t\t\t<span class=\"elementor-button-text\">Ohyo kumit\u00e9 4<\/span>\n\t\t<\/span>\n\t\t\t\t\t<\/a>\n\t\t<\/div>\t\t<\/div>\n\t\t\t\t<\/div>\n\t\t\t\t<div class=\"elementor-element elementor-element-850e62e elementor-widget elementor-widget-button\" data-id=\"850e62e\" data-element_type=\"widget\" data-widget_type=\"button.default\">\n\t\t\t\t<div class=\"elementor-widget-container\">\n\t\t\t<div class=\"elementor-button-wrapper\">\n\t\t\t<a class=\"elementor-button elementor-button-link elementor-size-sm\" href=\"http:\/\/shintokarateryu.fr\/wp-content\/uploads\/2022\/05\/Ohyo_gumite_8_.mp4.mp4\" target=\"_blank\">\n\t\t\t\t\t\t<span class=\"elementor-button-content-wrapper\">\n\t\t\t\t\t\t<span class=\"elementor-button-text\">Ohyo kumit\u00e9 8<\/span>\n\t\t<\/span>\n\t\t\t\t\t<\/a>\n\t\t<\/div>\t\t<\/div>\n\t\t\t\t<\/div>\n\t\t\t\t\t<\/div>\n\t\t<\/div>\n\t\t\t\t\t\t\t<\/div>\n\t\t<\/section>\n\t\t\t\t\t\t\t<\/div>","protected":false},"excerpt":{"rendered":"<p>Ohyo kumit\u00e9 Les Ohyo Kumite, \u00e0 ne pas confondre avec les Kihon Kumite de ma\u00eetre Hironori Ohtsuka, ont \u00e9t\u00e9 cr\u00e9\u00e9s par ma\u00eetre Tatsuo Suzuki quand il est arriv\u00e9 en Europe au milieu des ann\u00e9es 1960. Ce sont des techniques se travaillant par deux compos\u00e9es d&rsquo;enchainement de plusieurs mouvements. Au nombre de 8 ils sont le &hellip;<\/p>\n<p class=\"read-more\"> <a class=\"\" href=\"https:\/\/shintokarateryu.fr\/?page_id=1800\"> <span class=\"screen-reader-text\">Ohyo Kumit\u00e9<\/span> Lire la suite\u00a0\u00bb<\/a><\/p>\n","protected":false},"author":5,"featured_media":0,"parent":0,"menu_order":0,"comment_status":"closed","ping_status":"closed","template":"","meta":{"site-sidebar-layout":"no-sidebar","site-content-layout":"page-builder","ast-global-header-display":"","ast-banner-title-visibility":"","ast-main-header-display":"","ast-hfb-above-header-display":"","ast-hfb-below-header-display":"","ast-hfb-mobile-header-display":"","site-post-title":"disabled","ast-breadcrumbs-content":"","ast-featured-img":"disabled","footer-sml-layout":"","theme-transparent-header-meta":"","adv-header-id-meta":"","stick-header-meta":"","header-above-stick-meta":"","header-main-stick-meta":"","header-below-stick-meta":"","ngg_post_thumbnail":0},"_links":{"self":[{"href":"https:\/\/shintokarateryu.fr\/index.php?rest_route=\/wp\/v2\/pages\/1800"}],"collection":[{"href":"https:\/\/shintokarateryu.fr\/index.php?rest_route=\/wp\/v2\/pages"}],"about":[{"href":"https:\/\/shintokarateryu.fr\/index.php?rest_route=\/wp\/v2\/types\/page"}],"author":[{"embeddable":true,"href":"https:\/\/shintokarateryu.fr\/index.php?rest_route=\/wp\/v2\/users\/5"}],"replies":[{"embeddable":true,"href":"https:\/\/shintokarateryu.fr\/index.php?rest_route=%2Fwp%2Fv2%2Fcomments&post=1800"}],"version-history":[{"count":10,"href":"https:\/\/shintokarateryu.fr\/index.php?rest_route=\/wp\/v2\/pages\/1800\/revisions"}],"predecessor-version":[{"id":2166,"href":"https:\/\/shintokarateryu.fr\/index.php?rest_route=\/wp\/v2\/pages\/1800\/revisions\/2166"}],"wp:attachment":[{"href":"https:\/\/shintokarateryu.fr\/index.php?rest_route=%2Fwp%2Fv2%2Fmedia&parent=1800"}],"curies":[{"name":"wp","href":"https:\/\/api.w.org\/{rel}","templated":true}]}}