{"id":1439,"date":"2022-03-16T14:02:37","date_gmt":"2022-03-16T14:02:37","guid":{"rendered":"http:\/\/shintokarateryu.fr\/?page_id=1439"},"modified":"2022-07-09T19:12:40","modified_gmt":"2022-07-09T19:12:40","slug":"lexique","status":"publish","type":"page","link":"https:\/\/shintokarateryu.fr\/?page_id=1439","title":{"rendered":"Lexique"},"content":{"rendered":"<div data-elementor-type=\"wp-page\" data-elementor-id=\"1439\" class=\"elementor elementor-1439\">\n\t\t\t\t\t\t\t\t\t<section class=\"elementor-section elementor-top-section elementor-element elementor-element-5f00f5d elementor-section-boxed elementor-section-height-default elementor-section-height-default\" data-id=\"5f00f5d\" data-element_type=\"section\">\n\t\t\t\t\t\t<div class=\"elementor-container elementor-column-gap-default\">\n\t\t\t\t\t<div class=\"elementor-column elementor-col-100 elementor-top-column elementor-element elementor-element-1fb83bd\" data-id=\"1fb83bd\" data-element_type=\"column\">\n\t\t\t<div class=\"elementor-widget-wrap elementor-element-populated\">\n\t\t\t\t\t\t\t\t<div class=\"elementor-element elementor-element-17dfffe elementor-widget elementor-widget-heading\" data-id=\"17dfffe\" data-element_type=\"widget\" data-widget_type=\"heading.default\">\n\t\t\t\t<div class=\"elementor-widget-container\">\n\t\t\t<style>\/*! elementor - v3.14.0 - 26-06-2023 *\/\n.elementor-heading-title{padding:0;margin:0;line-height:1}.elementor-widget-heading .elementor-heading-title[class*=elementor-size-]>a{color:inherit;font-size:inherit;line-height:inherit}.elementor-widget-heading .elementor-heading-title.elementor-size-small{font-size:15px}.elementor-widget-heading .elementor-heading-title.elementor-size-medium{font-size:19px}.elementor-widget-heading .elementor-heading-title.elementor-size-large{font-size:29px}.elementor-widget-heading .elementor-heading-title.elementor-size-xl{font-size:39px}.elementor-widget-heading .elementor-heading-title.elementor-size-xxl{font-size:59px}<\/style><h2 class=\"elementor-heading-title elementor-size-default\"> <\/h2>\t\t<\/div>\n\t\t\t\t<\/div>\n\t\t\t\t\t<\/div>\n\t\t<\/div>\n\t\t\t\t\t\t\t<\/div>\n\t\t<\/section>\n\t\t\t\t<section class=\"elementor-section elementor-top-section elementor-element elementor-element-2ccfb21 elementor-section-boxed elementor-section-height-default elementor-section-height-default\" data-id=\"2ccfb21\" data-element_type=\"section\" data-settings=\"{&quot;background_background&quot;:&quot;classic&quot;}\">\n\t\t\t\t\t\t<div class=\"elementor-container elementor-column-gap-default\">\n\t\t\t\t\t<div class=\"elementor-column elementor-col-100 elementor-top-column elementor-element elementor-element-aa0f021\" data-id=\"aa0f021\" data-element_type=\"column\" data-settings=\"{&quot;background_background&quot;:&quot;classic&quot;}\">\n\t\t\t<div class=\"elementor-widget-wrap elementor-element-populated\">\n\t\t\t\t\t\t\t\t<div class=\"elementor-element elementor-element-c7b4eac elementor-widget__width-inherit elementor-widget elementor-widget-heading\" data-id=\"c7b4eac\" data-element_type=\"widget\" data-widget_type=\"heading.default\">\n\t\t\t\t<div class=\"elementor-widget-container\">\n\t\t\t<h2 class=\"elementor-heading-title elementor-size-default\">Petit lexique du karat\u00e9ka<\/h2>\t\t<\/div>\n\t\t\t\t<\/div>\n\t\t\t\t\t<\/div>\n\t\t<\/div>\n\t\t\t\t\t\t\t<\/div>\n\t\t<\/section>\n\t\t\t\t<section class=\"elementor-section elementor-top-section elementor-element elementor-element-a109f7b elementor-section-boxed elementor-section-height-default elementor-section-height-default\" data-id=\"a109f7b\" data-element_type=\"section\">\n\t\t\t\t\t\t<div class=\"elementor-container elementor-column-gap-default\">\n\t\t\t\t\t<div class=\"elementor-column elementor-col-100 elementor-top-column elementor-element elementor-element-e1ca1c6\" data-id=\"e1ca1c6\" data-element_type=\"column\" data-settings=\"{&quot;background_background&quot;:&quot;classic&quot;}\">\n\t\t\t<div class=\"elementor-widget-wrap elementor-element-populated\">\n\t\t\t\t\t\t\t\t<div class=\"elementor-element elementor-element-f096936 elementor-widget elementor-widget-image\" data-id=\"f096936\" data-element_type=\"widget\" data-widget_type=\"image.default\">\n\t\t\t\t<div class=\"elementor-widget-container\">\n\t\t\t<style>\/*! elementor - v3.14.0 - 26-06-2023 *\/\n.elementor-widget-image{text-align:center}.elementor-widget-image a{display:inline-block}.elementor-widget-image a img[src$=\".svg\"]{width:48px}.elementor-widget-image img{vertical-align:middle;display:inline-block}<\/style><img decoding=\"async\" width=\"1024\" height=\"653\" src=\"https:\/\/shintokarateryu.fr\/wp-content\/uploads\/2022\/03\/Lexique-1024x653.jpg\" class=\"attachment-large size-large wp-image-1503\" alt=\"\" loading=\"lazy\" srcset=\"https:\/\/shintokarateryu.fr\/wp-content\/uploads\/2022\/03\/Lexique-1024x653.jpg 1024w, https:\/\/shintokarateryu.fr\/wp-content\/uploads\/2022\/03\/Lexique-300x191.jpg 300w, https:\/\/shintokarateryu.fr\/wp-content\/uploads\/2022\/03\/Lexique-768x489.jpg 768w, https:\/\/shintokarateryu.fr\/wp-content\/uploads\/2022\/03\/Lexique.jpg 1158w\" sizes=\"(max-width: 1024px) 100vw, 1024px\" \/>\t\t<\/div>\n\t\t\t\t<\/div>\n\t\t\t\t\t<\/div>\n\t\t<\/div>\n\t\t\t\t\t\t\t<\/div>\n\t\t<\/section>\n\t\t\t\t<section class=\"elementor-section elementor-top-section elementor-element elementor-element-33c5a62 elementor-section-boxed elementor-section-height-default elementor-section-height-default\" data-id=\"33c5a62\" data-element_type=\"section\">\n\t\t\t\t\t\t<div class=\"elementor-container elementor-column-gap-default\">\n\t\t\t\t\t<div class=\"elementor-column elementor-col-100 elementor-top-column elementor-element elementor-element-b2bb945\" data-id=\"b2bb945\" data-element_type=\"column\">\n\t\t\t<div class=\"elementor-widget-wrap elementor-element-populated\">\n\t\t\t\t\t\t\t\t<div class=\"elementor-element elementor-element-ba43a87 elementor-widget elementor-widget-heading\" data-id=\"ba43a87\" data-element_type=\"widget\" data-widget_type=\"heading.default\">\n\t\t\t\t<div class=\"elementor-widget-container\">\n\t\t\t<h2 class=\"elementor-heading-title elementor-size-default\">Les mots employ\u00e9s pendant le salut<\/h2>\t\t<\/div>\n\t\t\t\t<\/div>\n\t\t\t\t<div class=\"elementor-element elementor-element-91f4bf9 elementor-widget elementor-widget-text-editor\" data-id=\"91f4bf9\" data-element_type=\"widget\" data-widget_type=\"text-editor.default\">\n\t\t\t\t<div class=\"elementor-widget-container\">\n\t\t\t<style>\/*! elementor - v3.14.0 - 26-06-2023 *\/\n.elementor-widget-text-editor.elementor-drop-cap-view-stacked .elementor-drop-cap{background-color:#69727d;color:#fff}.elementor-widget-text-editor.elementor-drop-cap-view-framed .elementor-drop-cap{color:#69727d;border:3px solid;background-color:transparent}.elementor-widget-text-editor:not(.elementor-drop-cap-view-default) .elementor-drop-cap{margin-top:8px}.elementor-widget-text-editor:not(.elementor-drop-cap-view-default) .elementor-drop-cap-letter{width:1em;height:1em}.elementor-widget-text-editor .elementor-drop-cap{float:left;text-align:center;line-height:1;font-size:50px}.elementor-widget-text-editor .elementor-drop-cap-letter{display:inline-block}<\/style><p><span style=\"color: #993300;\"><strong>Seiza<\/strong><\/span> : Position agenouill\u00e9e et assise sur les talons [se\u00efdza]<br \/><span style=\"color: #993300;\"><strong>Kiritsu<\/strong><\/span> : Debout [kilitsou]<br \/><span style=\"color: #993300;\"><strong>Rei<\/strong><\/span> : Saluez [le\u00ef]<br \/><span style=\"color: #993300;\"><strong>Mokuso<\/strong><\/span> : Attitude de m\u00e9ditation dans la position assise [mokousso]<br \/><span style=\"color: #993300;\"><strong>Mokuso Yamete<\/strong><\/span> : Ordre d\u2019arr\u00eat de la m\u00e9ditation prononc\u00e9 [mokoussoyam\u00e9t\u00e9]<br \/><span style=\"color: #993300;\"><strong>Shomen-ni-rei<\/strong> <\/span>: On salue vers l\u2019avant du dojo, l\u00e0 o\u00f9 est accroch\u00e9 le portrait du ma\u00eetre prononc\u00e9<br \/>[chom\u00e8ne ni lei]<br \/><span style=\"color: #993300;\"><strong>Sensei-ni-rei<\/strong><\/span> : On salue le professeur [sense\u00ef ni lei]<br \/><span style=\"color: #993300;\"><strong>Otagai-ni-rei<\/strong><\/span> : Salut des \u00e9l\u00e8ves entre eux : lorsqu&rsquo;on salue son professeur et ses camarades au d\u00e9but<br \/>du cours, tu dois leur demander de bien vouloir travailler avec toi [otaga\u00ef ni lei]<br \/><span style=\"color: #993300;\"><strong>Onegai shimasu<\/strong><\/span> : Solliciter le sensei \u00e0 donner le cours [on\u00e9ga\u00ef chimass]<br \/>Lorsqu&rsquo;on salue son professeur et ses camarades \u00e0 la fin du cours, on doit les remercier d&rsquo;avoir travaill\u00e9<br \/>avec toi.<br \/><span style=\"color: #993300;\"><strong>Arigato gozaimashita<\/strong><\/span> : Remercier le sense\u00ef pour son cours prononc\u00e9 [aligatogodza\u00efmachita]<\/p>\t\t<\/div>\n\t\t\t\t<\/div>\n\t\t\t\t\t<\/div>\n\t\t<\/div>\n\t\t\t\t\t\t\t<\/div>\n\t\t<\/section>\n\t\t\t\t<section class=\"elementor-section elementor-top-section elementor-element elementor-element-5c210e0 elementor-section-boxed elementor-section-height-default elementor-section-height-default\" data-id=\"5c210e0\" data-element_type=\"section\">\n\t\t\t\t\t\t<div class=\"elementor-container elementor-column-gap-default\">\n\t\t\t\t\t<div class=\"elementor-column elementor-col-100 elementor-top-column elementor-element elementor-element-2f0a5bf\" data-id=\"2f0a5bf\" data-element_type=\"column\">\n\t\t\t<div class=\"elementor-widget-wrap elementor-element-populated\">\n\t\t\t\t\t\t\t\t<div class=\"elementor-element elementor-element-9d6cc6e elementor-widget elementor-widget-heading\" data-id=\"9d6cc6e\" data-element_type=\"widget\" data-widget_type=\"heading.default\">\n\t\t\t\t<div class=\"elementor-widget-container\">\n\t\t\t<h2 class=\"elementor-heading-title elementor-size-default\">Les mots employ\u00e9s pendant le cours<\/h2>\t\t<\/div>\n\t\t\t\t<\/div>\n\t\t\t\t<div class=\"elementor-element elementor-element-6f363fd elementor-widget elementor-widget-text-editor\" data-id=\"6f363fd\" data-element_type=\"widget\" data-widget_type=\"text-editor.default\">\n\t\t\t\t<div class=\"elementor-widget-container\">\n\t\t\t<p><span style=\"color: #993300;\"><strong>Hajime<\/strong> <\/span>: Allez-y, commencez l\u2019exercice\u00a0\u00a0\u00a0\u00a0<\/p><p><span style=\"color: #993300;\"><strong>Kamae<\/strong><\/span> : En garde [kama\u00e9] [hadjim\u00e9]<\/p><p><span style=\"color: #993300;\"><strong>Mawate<\/strong><\/span> : Retournez-vous [mawouat\u00e9]<\/p><p><span style=\"color: #993300;\"><strong>Yame<\/strong><\/span> : Ordre d\u2019arr\u00eater pour \u00e9couter les remarques du sense\u00ef, [yam\u00e9]<\/p><p><span style=\"color: #993300;\"><strong>Yasume<\/strong><\/span> : Ordre d\u2019arr\u00eater l\u2019exercice pour passer \u00e0 un autre [yasm\u00e9]<\/p><p><span style=\"color: #993300;\"><strong>Yoi<\/strong><\/span> : Etre pr\u00eat [Yo\u00ef]<br \/><br \/><\/p>\t\t<\/div>\n\t\t\t\t<\/div>\n\t\t\t\t\t<\/div>\n\t\t<\/div>\n\t\t\t\t\t\t\t<\/div>\n\t\t<\/section>\n\t\t\t\t<section class=\"elementor-section elementor-top-section elementor-element elementor-element-c24c3d2 elementor-section-boxed elementor-section-height-default elementor-section-height-default\" data-id=\"c24c3d2\" data-element_type=\"section\">\n\t\t\t\t\t\t<div class=\"elementor-container elementor-column-gap-default\">\n\t\t\t\t\t<div class=\"elementor-column elementor-col-33 elementor-top-column elementor-element elementor-element-39871ae\" data-id=\"39871ae\" data-element_type=\"column\">\n\t\t\t<div class=\"elementor-widget-wrap elementor-element-populated\">\n\t\t\t\t\t\t\t\t<div class=\"elementor-element elementor-element-3a08aeb elementor-widget elementor-widget-heading\" data-id=\"3a08aeb\" data-element_type=\"widget\" data-widget_type=\"heading.default\">\n\t\t\t\t<div class=\"elementor-widget-container\">\n\t\t\t<h2 class=\"elementor-heading-title elementor-size-default\">Les 4 directions<\/h2>\t\t<\/div>\n\t\t\t\t<\/div>\n\t\t\t\t\t<\/div>\n\t\t<\/div>\n\t\t\t\t<div class=\"elementor-column elementor-col-33 elementor-top-column elementor-element elementor-element-9545e99\" data-id=\"9545e99\" data-element_type=\"column\">\n\t\t\t<div class=\"elementor-widget-wrap elementor-element-populated\">\n\t\t\t\t\t\t\t\t<div class=\"elementor-element elementor-element-d06a982 elementor-widget elementor-widget-image\" data-id=\"d06a982\" data-element_type=\"widget\" data-widget_type=\"image.default\">\n\t\t\t\t<div class=\"elementor-widget-container\">\n\t\t\t<img decoding=\"async\" width=\"328\" height=\"228\" src=\"https:\/\/shintokarateryu.fr\/wp-content\/uploads\/2022\/03\/4-directions.jpg\" class=\"attachment-large size-large wp-image-1500\" alt=\"\" loading=\"lazy\" srcset=\"https:\/\/shintokarateryu.fr\/wp-content\/uploads\/2022\/03\/4-directions.jpg 328w, https:\/\/shintokarateryu.fr\/wp-content\/uploads\/2022\/03\/4-directions-300x209.jpg 300w\" sizes=\"(max-width: 328px) 100vw, 328px\" \/>\t\t<\/div>\n\t\t\t\t<\/div>\n\t\t\t\t\t<\/div>\n\t\t<\/div>\n\t\t\t\t<div class=\"elementor-column elementor-col-33 elementor-top-column elementor-element elementor-element-bc6a8bd\" data-id=\"bc6a8bd\" data-element_type=\"column\">\n\t\t\t<div class=\"elementor-widget-wrap\">\n\t\t\t\t\t\t\t\t\t<\/div>\n\t\t<\/div>\n\t\t\t\t\t\t\t<\/div>\n\t\t<\/section>\n\t\t\t\t<section class=\"elementor-section elementor-top-section elementor-element elementor-element-742015c elementor-section-boxed elementor-section-height-default elementor-section-height-default\" data-id=\"742015c\" data-element_type=\"section\">\n\t\t\t\t\t\t<div class=\"elementor-container elementor-column-gap-default\">\n\t\t\t\t\t<div class=\"elementor-column elementor-col-100 elementor-top-column elementor-element elementor-element-59bea6a\" data-id=\"59bea6a\" data-element_type=\"column\">\n\t\t\t<div class=\"elementor-widget-wrap\">\n\t\t\t\t\t\t\t\t\t<\/div>\n\t\t<\/div>\n\t\t\t\t\t\t\t<\/div>\n\t\t<\/section>\n\t\t\t\t\t\t\t<\/div>","protected":false},"excerpt":{"rendered":"<p>Petit lexique du karat\u00e9ka Les mots employ\u00e9s pendant le salut Seiza : Position agenouill\u00e9e et assise sur les talons [se\u00efdza]Kiritsu : Debout [kilitsou]Rei : Saluez [le\u00ef]Mokuso : Attitude de m\u00e9ditation dans la position assise [mokousso]Mokuso Yamete : Ordre d\u2019arr\u00eat de la m\u00e9ditation prononc\u00e9 [mokoussoyam\u00e9t\u00e9]Shomen-ni-rei : On salue vers l\u2019avant du dojo, l\u00e0 o\u00f9 est accroch\u00e9 &hellip;<\/p>\n<p class=\"read-more\"> <a class=\"\" href=\"https:\/\/shintokarateryu.fr\/?page_id=1439\"> <span class=\"screen-reader-text\">Lexique<\/span> Lire la suite\u00a0\u00bb<\/a><\/p>\n","protected":false},"author":5,"featured_media":0,"parent":0,"menu_order":0,"comment_status":"closed","ping_status":"closed","template":"","meta":{"site-sidebar-layout":"no-sidebar","site-content-layout":"page-builder","ast-global-header-display":"","ast-banner-title-visibility":"","ast-main-header-display":"","ast-hfb-above-header-display":"","ast-hfb-below-header-display":"","ast-hfb-mobile-header-display":"","site-post-title":"disabled","ast-breadcrumbs-content":"","ast-featured-img":"disabled","footer-sml-layout":"","theme-transparent-header-meta":"","adv-header-id-meta":"","stick-header-meta":"","header-above-stick-meta":"","header-main-stick-meta":"","header-below-stick-meta":"","ngg_post_thumbnail":0},"_links":{"self":[{"href":"https:\/\/shintokarateryu.fr\/index.php?rest_route=\/wp\/v2\/pages\/1439"}],"collection":[{"href":"https:\/\/shintokarateryu.fr\/index.php?rest_route=\/wp\/v2\/pages"}],"about":[{"href":"https:\/\/shintokarateryu.fr\/index.php?rest_route=\/wp\/v2\/types\/page"}],"author":[{"embeddable":true,"href":"https:\/\/shintokarateryu.fr\/index.php?rest_route=\/wp\/v2\/users\/5"}],"replies":[{"embeddable":true,"href":"https:\/\/shintokarateryu.fr\/index.php?rest_route=%2Fwp%2Fv2%2Fcomments&post=1439"}],"version-history":[{"count":18,"href":"https:\/\/shintokarateryu.fr\/index.php?rest_route=\/wp\/v2\/pages\/1439\/revisions"}],"predecessor-version":[{"id":2465,"href":"https:\/\/shintokarateryu.fr\/index.php?rest_route=\/wp\/v2\/pages\/1439\/revisions\/2465"}],"wp:attachment":[{"href":"https:\/\/shintokarateryu.fr\/index.php?rest_route=%2Fwp%2Fv2%2Fmedia&parent=1439"}],"curies":[{"name":"wp","href":"https:\/\/api.w.org\/{rel}","templated":true}]}}