{"id":101,"date":"2011-08-28T20:11:38","date_gmt":"2011-08-28T20:11:38","guid":{"rendered":"http:\/\/shintokarateryu.fr\/?page_id=101"},"modified":"2022-06-11T19:15:41","modified_gmt":"2022-06-11T19:15:41","slug":"liens","status":"publish","type":"page","link":"https:\/\/shintokarateryu.fr\/?page_id=101","title":{"rendered":"Liens"},"content":{"rendered":"<div data-elementor-type=\"wp-page\" data-elementor-id=\"101\" class=\"elementor elementor-101\">\n\t\t\t\t\t\t\t\t\t<section class=\"elementor-section elementor-top-section elementor-element elementor-element-8cba3d7 elementor-section-boxed elementor-section-height-default elementor-section-height-default\" data-id=\"8cba3d7\" data-element_type=\"section\">\n\t\t\t\t\t\t<div class=\"elementor-container elementor-column-gap-default\">\n\t\t\t\t\t<div class=\"elementor-column elementor-col-100 elementor-top-column elementor-element elementor-element-4191c3da\" data-id=\"4191c3da\" data-element_type=\"column\">\n\t\t\t<div class=\"elementor-widget-wrap elementor-element-populated\">\n\t\t\t\t\t\t\t\t<div class=\"elementor-element elementor-element-56b57563 elementor-widget elementor-widget-text-editor\" data-id=\"56b57563\" data-element_type=\"widget\" data-widget_type=\"text-editor.default\">\n\t\t\t\t<div class=\"elementor-widget-container\">\n\t\t\t<style>\/*! elementor - v3.14.0 - 26-06-2023 *\/\n.elementor-widget-text-editor.elementor-drop-cap-view-stacked .elementor-drop-cap{background-color:#69727d;color:#fff}.elementor-widget-text-editor.elementor-drop-cap-view-framed .elementor-drop-cap{color:#69727d;border:3px solid;background-color:transparent}.elementor-widget-text-editor:not(.elementor-drop-cap-view-default) .elementor-drop-cap{margin-top:8px}.elementor-widget-text-editor:not(.elementor-drop-cap-view-default) .elementor-drop-cap-letter{width:1em;height:1em}.elementor-widget-text-editor .elementor-drop-cap{float:left;text-align:center;line-height:1;font-size:50px}.elementor-widget-text-editor .elementor-drop-cap-letter{display:inline-block}<\/style><a href=\"http:\/\/www.ffkama.fr\/\" target=\"_blank\"><img decoding=\"async\" loading=\"lazy\" class=\"size-full wp-image-125 alignleft\" title=\"ffkarate\" src=\"http:\/\/shintokarateryu.fr\/wp-content\/uploads\/2011\/08\/ffkarate.jpg\" alt=\"\" width=\"269\" height=\"101\" srcset=\"https:\/\/shintokarateryu.fr\/wp-content\/uploads\/2011\/08\/ffkarate.jpg 1024w, https:\/\/shintokarateryu.fr\/wp-content\/uploads\/2011\/08\/ffkarate-300x112.jpg 300w\" sizes=\"(max-width: 269px) 100vw, 269px\" \/><\/a>Site officiel de la F\u00e9d\u00e9ration Fran\u00e7aise de Karat\u00e9 ou l&rsquo;on peut trouver divers renseignements sur des formations, sur les passages de grades, sur des clubs&#8230;\r\n\r\n<hr \/>\r\n\r\n<a href=\"http:\/\/www.wikf.fr\/\" target=\"_blank\"><img decoding=\"async\" loading=\"lazy\" class=\"size-full wp-image-125 alignleft\" title=\"WIKF\" src=\"http:\/\/www.wikf.fr\/skin\/tango46\/logo.png\" alt=\"\" width=\"150\" height=\"152\" \/><\/a>Voici le site officiel de la Wado International Karate-do Federation France \u00e0 laquelle nous sommes affili\u00e9.\r\n\r\n<hr \/>\r\n\r\n<a href=\"http:\/\/www.asjc.free.fr\/\" target=\"_blank\"><img decoding=\"async\" loading=\"lazy\" class=\"alignleft size-full wp-image-129\" title=\"ASJC\" src=\"http:\/\/shintokarateryu.fr\/wp-content\/uploads\/2011\/08\/ASJC.jpg\" alt=\"\" width=\"139\" height=\"117\" srcset=\"https:\/\/shintokarateryu.fr\/wp-content\/uploads\/2011\/08\/ASJC.jpg 700w, https:\/\/shintokarateryu.fr\/wp-content\/uploads\/2011\/08\/ASJC-300x252.jpg 300w\" sizes=\"(max-width: 139px) 100vw, 139px\" \/><\/a>Site du club de judo de Champagne-sur-Oise, un compl\u00e9ment \u00e0 notre pratique\r\n\r\n<hr \/>\r\n\r\n<a href=\"http:\/\/www.epinay-sur-seine.fr\" target=\"_blank\"><img decoding=\"async\" loading=\"lazy\" class=\"alignleft size-full wp-image-127\" title=\"epinay\" src=\"http:\/\/shintokarateryu.fr\/wp-content\/uploads\/2011\/08\/epinay.jpg\" alt=\"\" width=\"203\" height=\"110\" \/><\/a>\r\nVoici le site de la ville d&rsquo;Epinay o\u00f9 se trouve notre club de karat\u00e9 Shinto Karat\u00e9 Ryu\r\n\r\n<hr \/>\r\n\r\n<a href=\"http:\/\/www.ligue93karate.com\/\" target=\"_blank\"><img decoding=\"async\" loading=\"lazy\" class=\"alignleft size-medium wp-image-740\" title=\"FFKDA93\" src=\"http:\/\/shintokarateryu.fr\/wp-content\/uploads\/2011\/08\/FFKDA93-300x73.png\" alt=\"\" width=\"300\" height=\"73\" srcset=\"https:\/\/shintokarateryu.fr\/wp-content\/uploads\/2011\/08\/FFKDA93-300x73.png 300w, https:\/\/shintokarateryu.fr\/wp-content\/uploads\/2011\/08\/FFKDA93.png 333w\" sizes=\"(max-width: 300px) 100vw, 300px\" \/><\/a>Le site officiel de la ligue du 93 de karat\u00e9\t\t<\/div>\n\t\t\t\t<\/div>\n\t\t\t\t\t<\/div>\n\t\t<\/div>\n\t\t\t\t\t\t\t<\/div>\n\t\t<\/section>\n\t\t\t\t\t\t\t<\/div>","protected":false},"excerpt":{"rendered":"<p>Site officiel de la F\u00e9d\u00e9ration Fran\u00e7aise de Karat\u00e9 ou l&rsquo;on peut trouver divers renseignements sur des formations, sur les passages de grades, sur des clubs&#8230; Voici le site officiel de la Wado International Karate-do Federation France \u00e0 laquelle nous sommes affili\u00e9. Site du club de judo de Champagne-sur-Oise, un compl\u00e9ment \u00e0 notre pratique Voici le &hellip;<\/p>\n<p class=\"read-more\"> <a class=\"\" href=\"https:\/\/shintokarateryu.fr\/?page_id=101\"> <span class=\"screen-reader-text\">Liens<\/span> Lire la suite\u00a0\u00bb<\/a><\/p>\n","protected":false},"author":1,"featured_media":0,"parent":0,"menu_order":4,"comment_status":"closed","ping_status":"closed","template":"","meta":{"site-sidebar-layout":"default","site-content-layout":"default","ast-global-header-display":"","ast-banner-title-visibility":"","ast-main-header-display":"","ast-hfb-above-header-display":"","ast-hfb-below-header-display":"","ast-hfb-mobile-header-display":"","site-post-title":"","ast-breadcrumbs-content":"","ast-featured-img":"","footer-sml-layout":"","theme-transparent-header-meta":"","adv-header-id-meta":"","stick-header-meta":"","header-above-stick-meta":"","header-main-stick-meta":"","header-below-stick-meta":"","ngg_post_thumbnail":0},"_links":{"self":[{"href":"https:\/\/shintokarateryu.fr\/index.php?rest_route=\/wp\/v2\/pages\/101"}],"collection":[{"href":"https:\/\/shintokarateryu.fr\/index.php?rest_route=\/wp\/v2\/pages"}],"about":[{"href":"https:\/\/shintokarateryu.fr\/index.php?rest_route=\/wp\/v2\/types\/page"}],"author":[{"embeddable":true,"href":"https:\/\/shintokarateryu.fr\/index.php?rest_route=\/wp\/v2\/users\/1"}],"replies":[{"embeddable":true,"href":"https:\/\/shintokarateryu.fr\/index.php?rest_route=%2Fwp%2Fv2%2Fcomments&post=101"}],"version-history":[{"count":32,"href":"https:\/\/shintokarateryu.fr\/index.php?rest_route=\/wp\/v2\/pages\/101\/revisions"}],"predecessor-version":[{"id":2129,"href":"https:\/\/shintokarateryu.fr\/index.php?rest_route=\/wp\/v2\/pages\/101\/revisions\/2129"}],"wp:attachment":[{"href":"https:\/\/shintokarateryu.fr\/index.php?rest_route=%2Fwp%2Fv2%2Fmedia&parent=101"}],"curies":[{"name":"wp","href":"https:\/\/api.w.org\/{rel}","templated":true}]}}