{"id":64,"date":"2011-08-11T22:53:58","date_gmt":"2011-08-11T22:53:58","guid":{"rendered":"http:\/\/localhost\/SHINTO_KARATE_RYU\/beta\/?page_id=64"},"modified":"2011-08-11T22:53:58","modified_gmt":"2011-08-11T22:53:58","slug":"quelques-particularites-du-wado-ryu","status":"publish","type":"page","link":"http:\/\/shintokarateryu.fr\/?page_id=64","title":{"rendered":"Quelques particularit\u00e9s du Wad\u00f4-ry\u00fb"},"content":{"rendered":"<p style=\"text-align: justify;\">\u00a0 \u00a0 \u00a0La fa\u00e7on de pratiquer les kata de l&rsquo;\u00e9cole Wad\u00f4-ry\u00fb se situe \u00e0 mi-chemin entre celle du Sh\u00f4t\u00f4kan et celle de Shit\u00f4-ry\u00fb. Mais si on la compare aux courants du Sh\u00f4t\u00f4kan dont le style a \u00e9volu\u00e9 en accentuant l&rsquo;ampleur des gestes et la puissance, le Wad\u00f4-ry\u00fb para\u00eet plus proche du Shit\u00f4-ry\u00fb. Cela se comprend tout \u00e0 fait si l&rsquo;on consid\u00e8re la mani\u00e8re dont cette \u00e9cole s&rsquo;est form\u00e9e.<\/p>\n<p style=\"text-align: justify;\">\u00a0 \u00a0 \u00a0Les adeptes du Wad\u00f4-ry\u00fb qui sont n\u00e9s avant 1920 ont souvent commenc\u00e9 le karat\u00e9 avec G.Funakoshi et, pour eux, la diff\u00e9rence avec l&rsquo;\u00e9cole Sh\u00f4tokan est tr\u00e8s faible. Mais elle appara\u00eet comme une opposition pour des pratiquants qui n&rsquo;ont connu que le karat\u00e9 de H.\u00d4tsuka. Les jeunes karat\u00e9kas, habitu\u00e9s \u00e0 l&rsquo;opposition organique des \u00e9coles de karat\u00e9 moderne, ont une impression curieuse lorsque les ma\u00eetres \u00e2g\u00e9s qui sont garants de leurs \u00e9cole parlent de G.Funakoshi, fondateur de Sh\u00f4tokan, comme de leur propre ma\u00eetre. Cela s&rsquo;explique parce que l&rsquo;existence des \u00e9coles de karat\u00e9 qui est pour certains karat\u00e9kas une \u00e9vidence est en fait une chose r\u00e9cente.<\/p>\n<p style=\"text-align: justify;\">\u00a0 \u00a0 \u00a0H.\u00d4tsuka a fix\u00e9 les neuf kata de son \u00e9cole. Ce sont les cinq kata Pinan, plus Naifanchi, K\u00fbshank\u00fb, Seishan et Chint\u00f4. Neuf kata pour une \u00e9cole, cela semble bien peu par rapport au Shit\u00f4-ry\u00fb qui en compte pr\u00e8s d&rsquo;une cinquantaine. Mais pour H.Otsuka le nombre de kata n&rsquo;avait aucune valeur. Il jugeait que les \u00e9l\u00e9ments techniques de kata tels que Bassa\u00ef, Jion, Jitte, R\u00f4hai, Wansh\u00fb, Nij\u00fbshiho, Goj\u00fbshiho, \u00e9taient tous contenus dans ces neuf kata et qu&rsquo; en cons\u00e9quence, ceux-ci suffisaient largement. Aussi, lorsqu&rsquo;un de ses \u00e9l\u00e8ves a ex\u00e9cut\u00e9 le kata Chintei \u00e0 l&rsquo;occasion d&rsquo;une d\u00e9monstration, \u00d4tsuka l&rsquo;a critiqu\u00e9 ainsi: \u00ab Chintei n&rsquo;a pas la valeur d&rsquo;un kata. C&rsquo;est un kata que quelqu&rsquo;un a compos\u00e9 avec sa t\u00eate, il n&rsquo;a pas l&rsquo;\u00e2me de la technique du budo. \u00bb<\/p>\n<p style=\"text-align: justify;\">\u00a0 \u00a0 \u00a0Pour celui qui cherche la profondeur dans la pratique des kata, l&rsquo;attitude de \u00d4tsuka est fondamentalement juste. En effet, jusqu&rsquo;\u00e0 la fin du XIXe si\u00e8cle peu d&rsquo;adeptes de karat\u00e9 connaissaient plus de deux ou trois kata, et c&rsquo;est en les approfondissant qu&rsquo;un adepte pouvait attendre un haut niveau. De m\u00eame, le support de l&rsquo;art du sabre des guerriers japonais \u00e9tait une immense r\u00e9p\u00e9tition de tr\u00e8s peu de kata qui permettait d&rsquo;acqu\u00e9rir l&rsquo;essentiel de la technique du combat. C&rsquo;est pourquoi l&rsquo;important pour une \u00e9cole de budo est d&rsquo;avoir un petit nombre de kata qui m\u00e9ritent chacun de tr\u00e8s nombreuses r\u00e9p\u00e9titions. Si l&rsquo;on adopte cette attitude le nombre de kata n&rsquo;atteste nullement la qualit\u00e9 d&rsquo;une \u00e9cole, et lorsque leur nombre augmente, une ambigu\u00eft\u00e9 risque de s&rsquo;installer pour chacun des kata.<\/p>\n<p style=\"text-align: justify;\">\u00a0 \u00a0 \u00a0Mais limiter le nombre de kata \u00e0 neuf soul\u00e8ve plusieurs probl\u00e8mes sur le plan de l&rsquo;enseignement, de la pratique et de la recherche. Car on constate que, g\u00e9n\u00e9ralement, les adeptes du Wad\u00f4-ry\u00fb s&rsquo;entra\u00eenent souvent moins aux kata que ceux d&rsquo;autres \u00e9coles et que, par contre, ils consacrent plus de temps \u00e0 des exercices directement utilisables en combat. Dans la plupart des universit\u00e9s japonaises, les entra\u00eenements de cette \u00e9cole sont attach\u00e9s \u00e0 des techniques pr\u00e9parant \u00e0 la comp\u00e9tition. Compte tenu du nombre d&rsquo;ann\u00e9es de pratique, le r\u00e9sultat est souvent positif en comp\u00e9tition sportive. Toutefois cette forme d&rsquo;entra\u00eenement est aussi critiqu\u00e9e pour son manque d&rsquo;efficacit\u00e9 en combat r\u00e9el.<\/p>\n<p style=\"text-align: justify;\">\u00a0 \u00a0 \u00a0Si, dans la pratique des kata, un adepte veut rechercher la signification attach\u00e9e \u00e0 chaque geste, il lui est n\u00e9cessaire d&rsquo;avoir un r\u00e9pertoire de connaissances suffisamment large pour effectuer des comparaisons. La connaissance de neuf kata ne le permet pas et, si un adepte de Wad\u00f4-ry\u00fb veut faire une recherche sur le mode de transmission des significations attach\u00e9es aux kata de karat\u00e9, il ne conna\u00eetra pas assez de kata dans le cadre de son \u00e9cole. Les neuf kata sont suffisants pour ceux qui ne doutent pas de la qualit\u00e9 des kata qui ont \u00e9t\u00e9 choisis par H.\u00d4tsuka. Mais si, comme l&rsquo;avait fait H.\u00d4tsuka pour les kata que lui avait enseign\u00e9 G.Funakoshi, un adepte met en doute la valeur et la qualit\u00e9 des kata s\u00e9lectionn\u00e9s, il sera rapidement oblig\u00e9 de d\u00e9border de cadre de son \u00e9cole. Aujourd&rsquo;hui, sept kata ont \u00e9t\u00e9 ajout\u00e9s par les successeurs de H.\u00d4tsuka et l&rsquo;\u00e9cole Wad\u00f4-ry\u00fb enseigne seize kata.<\/p>\n<p style=\"text-align: justify;\">\u00a0 \u00a0 \u00a0L&rsquo;Ecole Wad\u00f4-ry\u00fb s&rsquo;est, comme le Sh\u00f4t\u00f4kan, d\u00e9velopp\u00e9e principalement dans la r\u00e9gion de Tokyo. Elle compte aujourd&rsquo;hui \u00e9galement de nombreux adeptes en dehors du Japon. C&rsquo;est une des quatre principales \u00e9coles du karat\u00e9 moderne.<\/p>\n<blockquote><p>\u00a0Sources : Histoire du Karat\u00e9 par K.TOKITSU.<\/p><\/blockquote>\n","protected":false},"excerpt":{"rendered":"<p>\u00a0 \u00a0 \u00a0La fa\u00e7on de pratiquer les kata de l&rsquo;\u00e9cole Wad\u00f4-ry\u00fb se situe \u00e0 mi-chemin entre celle du Sh\u00f4t\u00f4kan et celle de Shit\u00f4-ry\u00fb. Mais si on la compare aux courants du Sh\u00f4t\u00f4kan dont le style a \u00e9volu\u00e9 en accentuant l&rsquo;ampleur des gestes et la puissance, le Wad\u00f4-ry\u00fb para\u00eet plus proche du Shit\u00f4-ry\u00fb. Cela se comprend &hellip;<\/p>\n<p class=\"read-more\"> <a class=\"\" href=\"http:\/\/shintokarateryu.fr\/?page_id=64\"> <span class=\"screen-reader-text\">Quelques particularit\u00e9s du Wad\u00f4-ry\u00fb<\/span> Lire la suite\u00a0\u00bb<\/a><\/p>\n","protected":false},"author":2,"featured_media":0,"parent":0,"menu_order":4,"comment_status":"closed","ping_status":"closed","template":"onecolumn-page.php","meta":{"site-sidebar-layout":"default","site-content-layout":"default","ast-global-header-display":"","ast-banner-title-visibility":"","ast-main-header-display":"","ast-hfb-above-header-display":"","ast-hfb-below-header-display":"","ast-hfb-mobile-header-display":"","site-post-title":"","ast-breadcrumbs-content":"","ast-featured-img":"","footer-sml-layout":"","theme-transparent-header-meta":"","adv-header-id-meta":"","stick-header-meta":"","header-above-stick-meta":"","header-main-stick-meta":"","header-below-stick-meta":"","ngg_post_thumbnail":0},"_links":{"self":[{"href":"http:\/\/shintokarateryu.fr\/index.php?rest_route=\/wp\/v2\/pages\/64"}],"collection":[{"href":"http:\/\/shintokarateryu.fr\/index.php?rest_route=\/wp\/v2\/pages"}],"about":[{"href":"http:\/\/shintokarateryu.fr\/index.php?rest_route=\/wp\/v2\/types\/page"}],"author":[{"embeddable":true,"href":"http:\/\/shintokarateryu.fr\/index.php?rest_route=\/wp\/v2\/users\/2"}],"replies":[{"embeddable":true,"href":"http:\/\/shintokarateryu.fr\/index.php?rest_route=%2Fwp%2Fv2%2Fcomments&post=64"}],"version-history":[{"count":0,"href":"http:\/\/shintokarateryu.fr\/index.php?rest_route=\/wp\/v2\/pages\/64\/revisions"}],"wp:attachment":[{"href":"http:\/\/shintokarateryu.fr\/index.php?rest_route=%2Fwp%2Fv2%2Fmedia&parent=64"}],"curies":[{"name":"wp","href":"https:\/\/api.w.org\/{rel}","templated":true}]}}