{"id":38,"date":"2011-08-11T22:03:27","date_gmt":"2011-08-11T22:03:27","guid":{"rendered":"http:\/\/localhost\/SHINTO_KARATE_RYU\/beta\/?page_id=38"},"modified":"2011-08-11T22:03:27","modified_gmt":"2011-08-11T22:03:27","slug":"quest-ce-que-le-jujutsu","status":"publish","type":"page","link":"http:\/\/shintokarateryu.fr\/?page_id=38","title":{"rendered":"Qu&rsquo;est-ce que le j\u00fbjutsu ?"},"content":{"rendered":"<p style=\"text-align: justify;\">\u00a0 \u00a0 \u00a0Le j\u00fbjutsu est l&rsquo;art martial japonais d&rsquo;o\u00f9 sont issus le judo et l&rsquo;a\u00efkido contemporains. Le judo a \u00e9t\u00e9 cr\u00e9\u00e9 \u00e0 la fin du XIXe si\u00e8cle par J.Kan\u00f4, qui voulait instituer \u00e0 partir du budo traditionnel une forme d&rsquo;\u00e9ducation physique et mentale adapt\u00e9e \u00e0 la soci\u00e9t\u00e9 moderne. Pour souligner cette vis\u00e9e globale, il a substitu\u00e9 au suffixe jutsu (technique), le suffixe do (voie). L&rsquo;a\u00efkido a \u00e9t\u00e9 cr\u00e9\u00e9 au cours des ann\u00e9es 1930 par M.Ueshiba.<\/p>\n<p style=\"text-align: justify;\">\u00a0 \u00a0 \u00a0Aujourd&rsquo;hui plusieurs \u00e9coles de j\u00fbjutsu existent au Japon ; elles restent fid\u00e8les \u00e0 la tradition sans chercher \u00e0 s&rsquo;\u00e9tendre. On peut faire remonter l&rsquo;origine du j\u00fbjutsu au VIIIe si\u00e8cle. Durant les guerres f\u00e9odales, cet art a \u00e9t\u00e9 pratiqu\u00e9 et \u00e9labor\u00e9 par les guerriers comme technique de combat au corps \u00e0 corps sur les champs de bataille. Lorsque la paix f\u00e9odale s&rsquo;installe au XVII si\u00e8cle, la technique du j\u00fbjutsu est modifi\u00e9e et d\u00e9velopp\u00e9e en conformit\u00e9 avec le mode de vie de guerriers qui d\u00e9sormais se fonctionnarisent et passent le plus clair de leur temps dans les palais. Sur les champs de bataille il s&rsquo;agissait d&rsquo;\u00eatre capable de se d\u00e9fendre et de tuer son adversaire, m\u00eame lorsqu&rsquo;on ne disposait pas d&rsquo;arme. Plus tard, lorsque les guerriers deviennent des fonctionnaires au service de leur seigneur et que l&rsquo;essentiel de leur vie se d\u00e9roule dans son ch\u00e2teau, un nouvel objectif s&rsquo;ajoute \u00e0 ceux du j\u00fbjutsu. Il faut pouvoir emp\u00eacher un r\u00e9volt\u00e9 ou un intrus \u00e9ventuel de d\u00e9gainer son sabre et le dominer sans utiliser d&rsquo;arme.<\/p>\n<p style=\"text-align: justify;\">\u00a0 \u00a0 \u00a0Dans ce contexte, se d\u00e9veloppent des techniques particuli\u00e8res qui se greffent sur la gestuelle de convenance requise par l&rsquo;\u00e9tiquette, par exemple la marche sur les genoux. Des techniques nouvelles sont \u00e9labor\u00e9es en rapport avec la vie de tous les jours et non plus seulement avec la situation de guerre. On dit g\u00e9n\u00e9ralement que le j\u00fbjutsu est purement japonais; cependant sa filiation chinoise est certaine m\u00eame si elle est peu connue. Si l&rsquo;art du combat chinois a fleuri sous la forme du karat\u00e9 \u00e0 l&rsquo;\u00eele d&rsquo;Okinawa, il avait d\u00e9j\u00e0 auparavant servi de semence au j\u00fbjutsu japonais. Le contact culturel du Japon avec la Chine remonte loin dans l&rsquo;histoire. Mais les premiers documents fiables datent du Ve si\u00e8cle.<\/p>\n<p style=\"text-align: justify;\">\u00a0 \u00a0 \u00a0A partir de VIe si\u00e8cle, le contact culturel avec le continent devient plus massif. Du VIe au IXe si\u00e8cles, de nombreux savants et artisans viennent de Chine et de Cor\u00e9e au Japon. Les temples construits \u00e0 cette \u00e9poque au Japon et les objets qu&rsquo;ils contiennent attestent d&rsquo;influences venues de l&rsquo;Asie centrale, de l&rsquo;Inde, du Moyen Orient, de la Gr\u00e8ce, de Rome, etc. Des courants Bouddhiques tr\u00e8s divers parviennent au Japon \u00e0 cette \u00e9poque. Dans l&rsquo;Etat Antique japonais de la premi\u00e8re p\u00e9riode, le Bouddhisme a eu un r\u00f4le concret dans l&rsquo;organisation et le gouvernement du pays \u00e0 la fois par sa spiritualit\u00e9 et par les connaissances pratiques qu&rsquo;il v\u00e9hiculait. Les racines de j\u00fbjutsu remontent aux contacts culturels r\u00e9guliers entre la Chine et le Japon qui ont eu lieu du VI au IXe Si\u00e8cles.<\/p>\n<p style=\"text-align: justify;\">\u00a0 \u00a0 \u00a0Prenons l&rsquo;exemple de l&rsquo;\u00e9cole de j\u00fbjutsu que pratiquait H.\u00d4tsuka. Selon R.Fujiwara, l&rsquo;\u00e9cole Y\u00f4shin-ry\u00fb provient du yang-zhou-quan, un art de combat chinois. Y\u00f4shin-ry\u00fb s&rsquo;\u00e9crit en trois id\u00e9ogrammes : le m\u00eame id\u00e9ogramme se prononce Y\u00f4 en japonais et Yang en chinois, shin signifie esprit ou coeur et ry\u00fb \u00e9cole. Y\u00f4shin-ry\u00fb veut donc dire l&rsquo;\u00e9cole de l&rsquo;esprit de Yang. C&rsquo;est un moine bouddhiste chinois nomm\u00e9 Ganshin, originaire de Yang-zhou en Chine qui aurait transmis l&rsquo;art du combat de cette r\u00e9gion, le yang-zhou-quan. Ganshin \u00e9tait venu au Japon au VIIIe si\u00e8cle pour harmoniser la pratique du Bouddhisme qui s&rsquo;\u00e9tait implant\u00e9e de fa\u00e7on anarchique. L&rsquo;art du combat aurait \u00e9t\u00e9 transmis directement par lui ou par l&rsquo;interm\u00e9diaire de ses disciples. Les moines pratiquaient souvent, \u00e0 cette \u00e9poque, un art de combat et ils \u00e9taient accompagn\u00e9s de savants et d&rsquo;artisans. L&rsquo;exemple de Ganshin n&rsquo;est pas unique, et nous en retrouvons \u00e0 plusieurs reprises des \u00e9quivalents dans l&rsquo;histoire de la culture japonaise.<\/p>\n<p style=\"text-align: justify;\">\u00a0 \u00a0 \u00a0Si l&rsquo;origine du j\u00fbjutsu a \u00e9t\u00e9 \u00e9voqu\u00e9e, c&rsquo;est pour montrer comment, chez H.\u00d4tsuka, se retrouvent deux arts diff\u00e9rents qui cependant avaient \u00e9t\u00e9 \u00e9labor\u00e9s \u00e0 partir d&rsquo;une origine commune. En effet, le j\u00fbjutsu qu&rsquo;il a appris est le versant japonais de l&rsquo;art de combat chinois et le karat\u00e9 auquel il va s&rsquo;initier en est probablement un autre versant, celui d&rsquo;Okinawa. C&rsquo;est l\u00e0 un exemple int\u00e9ressant de la reconversion d&rsquo;une oeuvre culturelle et des formes diff\u00e9rentes qu&rsquo;elle peut prendre dans le temps et l&rsquo;espace. L&rsquo;art du combat chinois s&rsquo;est d\u00e9velopp\u00e9 au Japon en donnant naissance au j\u00fbjutsu qui a engendr\u00e9 par la suite le judo et l&rsquo;a\u00efkido et il a pris la forme du karat\u00e9 dans l&rsquo;\u00eele d&rsquo;Okinawa. H.\u00d4tsuka au XXe si\u00e8cle tente d&rsquo;int\u00e9grer dans une pratique unique ces deux jumeaux, sans avoir conscience de leur origine commune.<\/p>\n<blockquote><p>Sources : Histoire du Karat\u00e9 par K.TOKITSU.<\/p><\/blockquote>\n","protected":false},"excerpt":{"rendered":"<p>\u00a0 \u00a0 \u00a0Le j\u00fbjutsu est l&rsquo;art martial japonais d&rsquo;o\u00f9 sont issus le judo et l&rsquo;a\u00efkido contemporains. Le judo a \u00e9t\u00e9 cr\u00e9\u00e9 \u00e0 la fin du XIXe si\u00e8cle par J.Kan\u00f4, qui voulait instituer \u00e0 partir du budo traditionnel une forme d&rsquo;\u00e9ducation physique et mentale adapt\u00e9e \u00e0 la soci\u00e9t\u00e9 moderne. Pour souligner cette vis\u00e9e globale, il a &hellip;<\/p>\n<p class=\"read-more\"> <a class=\"\" href=\"http:\/\/shintokarateryu.fr\/?page_id=38\"> <span class=\"screen-reader-text\">Qu&rsquo;est-ce que le j\u00fbjutsu ?<\/span> Lire la suite\u00a0\u00bb<\/a><\/p>\n","protected":false},"author":2,"featured_media":0,"parent":0,"menu_order":1,"comment_status":"closed","ping_status":"closed","template":"onecolumn-page.php","meta":{"site-sidebar-layout":"default","site-content-layout":"default","ast-global-header-display":"","ast-banner-title-visibility":"","ast-main-header-display":"","ast-hfb-above-header-display":"","ast-hfb-below-header-display":"","ast-hfb-mobile-header-display":"","site-post-title":"","ast-breadcrumbs-content":"","ast-featured-img":"","footer-sml-layout":"","theme-transparent-header-meta":"","adv-header-id-meta":"","stick-header-meta":"","header-above-stick-meta":"","header-main-stick-meta":"","header-below-stick-meta":"","ngg_post_thumbnail":0},"_links":{"self":[{"href":"http:\/\/shintokarateryu.fr\/index.php?rest_route=\/wp\/v2\/pages\/38"}],"collection":[{"href":"http:\/\/shintokarateryu.fr\/index.php?rest_route=\/wp\/v2\/pages"}],"about":[{"href":"http:\/\/shintokarateryu.fr\/index.php?rest_route=\/wp\/v2\/types\/page"}],"author":[{"embeddable":true,"href":"http:\/\/shintokarateryu.fr\/index.php?rest_route=\/wp\/v2\/users\/2"}],"replies":[{"embeddable":true,"href":"http:\/\/shintokarateryu.fr\/index.php?rest_route=%2Fwp%2Fv2%2Fcomments&post=38"}],"version-history":[{"count":0,"href":"http:\/\/shintokarateryu.fr\/index.php?rest_route=\/wp\/v2\/pages\/38\/revisions"}],"wp:attachment":[{"href":"http:\/\/shintokarateryu.fr\/index.php?rest_route=%2Fwp%2Fv2%2Fmedia&parent=38"}],"curies":[{"name":"wp","href":"https:\/\/api.w.org\/{rel}","templated":true}]}}