{"id":1237,"date":"2022-02-25T14:50:05","date_gmt":"2022-02-25T14:50:05","guid":{"rendered":"http:\/\/shintokarateryu.fr\/?page_id=1237"},"modified":"2023-08-17T15:00:57","modified_gmt":"2023-08-17T15:00:57","slug":"page-daccueil","status":"publish","type":"page","link":"http:\/\/shintokarateryu.fr\/","title":{"rendered":"Page d&rsquo;accueil"},"content":{"rendered":"<div data-elementor-type=\"wp-page\" data-elementor-id=\"1237\" class=\"elementor elementor-1237\">\n\t\t\t\t\t\t\t\t\t<section class=\"elementor-section elementor-top-section elementor-element elementor-element-9d7cfaf elementor-section-boxed elementor-section-height-default elementor-section-height-default\" data-id=\"9d7cfaf\" data-element_type=\"section\">\n\t\t\t\t\t\t<div class=\"elementor-container elementor-column-gap-default\">\n\t\t\t\t\t<div class=\"elementor-column elementor-col-100 elementor-top-column elementor-element elementor-element-5ddbe5b\" data-id=\"5ddbe5b\" data-element_type=\"column\">\n\t\t\t<div class=\"elementor-widget-wrap elementor-element-populated\">\n\t\t\t\t\t\t\t\t<div class=\"elementor-element elementor-element-3e6d827 elementor-widget__width-inherit elementor-widget elementor-widget-image\" data-id=\"3e6d827\" data-element_type=\"widget\" data-widget_type=\"image.default\">\n\t\t\t\t<div class=\"elementor-widget-container\">\n\t\t\t<style>\/*! elementor - v3.14.0 - 26-06-2023 *\/\n.elementor-widget-image{text-align:center}.elementor-widget-image a{display:inline-block}.elementor-widget-image a img[src$=\".svg\"]{width:48px}.elementor-widget-image img{vertical-align:middle;display:inline-block}<\/style><img decoding=\"async\" width=\"1024\" height=\"222\" src=\"http:\/\/shintokarateryu.fr\/wp-content\/uploads\/2022\/03\/pexels-pixabay-301614-scaled-e1653774670711-1024x222.jpg\" class=\"attachment-large size-large wp-image-1542\" alt=\"\" loading=\"lazy\" srcset=\"http:\/\/shintokarateryu.fr\/wp-content\/uploads\/2022\/03\/pexels-pixabay-301614-scaled-e1653774670711-1024x222.jpg 1024w, http:\/\/shintokarateryu.fr\/wp-content\/uploads\/2022\/03\/pexels-pixabay-301614-scaled-e1653774670711-300x65.jpg 300w, http:\/\/shintokarateryu.fr\/wp-content\/uploads\/2022\/03\/pexels-pixabay-301614-scaled-e1653774670711-768x167.jpg 768w, http:\/\/shintokarateryu.fr\/wp-content\/uploads\/2022\/03\/pexels-pixabay-301614-scaled-e1653774670711-1536x334.jpg 1536w, http:\/\/shintokarateryu.fr\/wp-content\/uploads\/2022\/03\/pexels-pixabay-301614-scaled-e1653774670711-2048x445.jpg 2048w\" sizes=\"(max-width: 1024px) 100vw, 1024px\" \/>\t\t<\/div>\n\t\t\t\t<\/div>\n\t\t\t\t\t<\/div>\n\t\t<\/div>\n\t\t\t\t\t\t\t<\/div>\n\t\t<\/section>\n\t\t\t\t<section class=\"elementor-section elementor-top-section elementor-element elementor-element-7e67c5a elementor-section-boxed elementor-section-height-default elementor-section-height-default\" data-id=\"7e67c5a\" data-element_type=\"section\">\n\t\t\t\t\t\t<div class=\"elementor-container elementor-column-gap-default\">\n\t\t\t\t\t<div class=\"elementor-column elementor-col-100 elementor-top-column elementor-element elementor-element-66df1bb\" data-id=\"66df1bb\" data-element_type=\"column\">\n\t\t\t<div class=\"elementor-widget-wrap elementor-element-populated\">\n\t\t\t\t\t\t\t\t<div class=\"elementor-element elementor-element-9e11867 elementor-widget__width-initial elementor-widget elementor-widget-text-editor\" data-id=\"9e11867\" data-element_type=\"widget\" data-widget_type=\"text-editor.default\">\n\t\t\t\t<div class=\"elementor-widget-container\">\n\t\t\t<style>\/*! elementor - v3.14.0 - 26-06-2023 *\/\n.elementor-widget-text-editor.elementor-drop-cap-view-stacked .elementor-drop-cap{background-color:#69727d;color:#fff}.elementor-widget-text-editor.elementor-drop-cap-view-framed .elementor-drop-cap{color:#69727d;border:3px solid;background-color:transparent}.elementor-widget-text-editor:not(.elementor-drop-cap-view-default) .elementor-drop-cap{margin-top:8px}.elementor-widget-text-editor:not(.elementor-drop-cap-view-default) .elementor-drop-cap-letter{width:1em;height:1em}.elementor-widget-text-editor .elementor-drop-cap{float:left;text-align:center;line-height:1;font-size:50px}.elementor-widget-text-editor .elementor-drop-cap-letter{display:inline-block}<\/style><p>\u00a0<\/p><p>\u00a0<\/p><p>\u00a0<\/p><p>Bonjour \u00e0 tous, <br \/>J&rsquo;esp\u00e8re que vous passez d&rsquo;agr\u00e9ables vacances entre soleil \u2600\ufe0f et pluie \ud83c\udf27\ufe0f \ud83d\ude09 mais il reste encore un peu de temps pour faire le plein d&rsquo;\u00e9nergie \ud83d\udcaa !<br \/>Tr\u00e8s bient\u00f4t, nous allons remettre nos karat\u00e9gi \ud83e\udd4b et de reprendre le chemin du dojo pour une nouvelle saison !<br \/>Les inscriptions commenceront mardi 5 septembre de 18h00 \u00e0 19h30, mercredi 6 septembre de 16h00 \u00e0 18h30 et vendredi 8 septembre de 18h00 \u00e0 19h30.<br \/>Les cours reprendront vendredi 8 septembre \u00e0 19h45 pour les adultes et lundi 11 septembre \u00e0 18h00 pour les enfants.<br \/>Les horaires restent identiques \u00e0 la saison derni\u00e8re.<br \/>Nous allons participer au forum des associations d&rsquo;\u00c9pinay sur Seine qui se tiendra le samedi 9 septembre o\u00f9 nous aurons le plaisir de nous revoir. Vous pourrez faire les inscriptions sur place ou si vous le d\u00e9sirez imprimer la fiche d&rsquo;inscription sur le site du club (shintokarat\u00e9ryu.fr) \ud83d\ude09<\/p>\t\t<\/div>\n\t\t\t\t<\/div>\n\t\t\t\t\t<\/div>\n\t\t<\/div>\n\t\t\t\t\t\t\t<\/div>\n\t\t<\/section>\n\t\t\t\t<section class=\"elementor-section elementor-top-section elementor-element elementor-element-91a2df8 elementor-section-boxed elementor-section-height-default elementor-section-height-default\" data-id=\"91a2df8\" data-element_type=\"section\">\n\t\t\t\t\t\t<div class=\"elementor-container elementor-column-gap-default\">\n\t\t\t\t\t<div class=\"elementor-column elementor-col-100 elementor-top-column elementor-element elementor-element-c36fb4e\" data-id=\"c36fb4e\" data-element_type=\"column\">\n\t\t\t<div class=\"elementor-widget-wrap elementor-element-populated\">\n\t\t\t\t\t\t\t\t<div class=\"elementor-element elementor-element-df9bfda elementor-widget elementor-widget-image\" data-id=\"df9bfda\" data-element_type=\"widget\" data-widget_type=\"image.default\">\n\t\t\t\t<div class=\"elementor-widget-container\">\n\t\t\t<img decoding=\"async\" width=\"299\" height=\"169\" src=\"http:\/\/shintokarateryu.fr\/wp-content\/uploads\/2023\/08\/index.png\" class=\"attachment-medium size-medium wp-image-2773\" alt=\"\" loading=\"lazy\" \/>\t\t<\/div>\n\t\t\t\t<\/div>\n\t\t\t\t\t<\/div>\n\t\t<\/div>\n\t\t\t\t\t\t\t<\/div>\n\t\t<\/section>\n\t\t\t\t\t\t\t<\/div>","protected":false},"excerpt":{"rendered":"<p>\u00a0 \u00a0 \u00a0 Bonjour \u00e0 tous, J&rsquo;esp\u00e8re que vous passez d&rsquo;agr\u00e9ables vacances entre soleil &#x2600;&#xfe0f; et pluie &#x1f327;&#xfe0f; &#x1f609; mais il reste encore un peu de temps pour faire le plein d&rsquo;\u00e9nergie &#x1f4aa; !Tr\u00e8s bient\u00f4t, nous allons remettre nos karat\u00e9gi &#x1f94b; et de reprendre le chemin du dojo pour une nouvelle saison !Les inscriptions commenceront &hellip;<\/p>\n<p class=\"read-more\"> <a class=\"\" href=\"http:\/\/shintokarateryu.fr\/\"> <span class=\"screen-reader-text\">Page d&rsquo;accueil<\/span> Lire la suite\u00a0\u00bb<\/a><\/p>\n","protected":false},"author":5,"featured_media":0,"parent":0,"menu_order":0,"comment_status":"closed","ping_status":"closed","template":"","meta":{"site-sidebar-layout":"default","site-content-layout":"default","ast-global-header-display":"","ast-banner-title-visibility":"","ast-main-header-display":"","ast-hfb-above-header-display":"","ast-hfb-below-header-display":"","ast-hfb-mobile-header-display":"","site-post-title":"","ast-breadcrumbs-content":"","ast-featured-img":"","footer-sml-layout":"","theme-transparent-header-meta":"","adv-header-id-meta":"","stick-header-meta":"","header-above-stick-meta":"","header-main-stick-meta":"","header-below-stick-meta":"","ngg_post_thumbnail":0},"_links":{"self":[{"href":"http:\/\/shintokarateryu.fr\/index.php?rest_route=\/wp\/v2\/pages\/1237"}],"collection":[{"href":"http:\/\/shintokarateryu.fr\/index.php?rest_route=\/wp\/v2\/pages"}],"about":[{"href":"http:\/\/shintokarateryu.fr\/index.php?rest_route=\/wp\/v2\/types\/page"}],"author":[{"embeddable":true,"href":"http:\/\/shintokarateryu.fr\/index.php?rest_route=\/wp\/v2\/users\/5"}],"replies":[{"embeddable":true,"href":"http:\/\/shintokarateryu.fr\/index.php?rest_route=%2Fwp%2Fv2%2Fcomments&post=1237"}],"version-history":[{"count":158,"href":"http:\/\/shintokarateryu.fr\/index.php?rest_route=\/wp\/v2\/pages\/1237\/revisions"}],"predecessor-version":[{"id":2776,"href":"http:\/\/shintokarateryu.fr\/index.php?rest_route=\/wp\/v2\/pages\/1237\/revisions\/2776"}],"wp:attachment":[{"href":"http:\/\/shintokarateryu.fr\/index.php?rest_route=%2Fwp%2Fv2%2Fmedia&parent=1237"}],"curies":[{"name":"wp","href":"https:\/\/api.w.org\/{rel}","templated":true}]}}