{"id":111,"date":"2011-08-30T17:52:49","date_gmt":"2011-08-30T17:52:49","guid":{"rendered":"http:\/\/shintokarateryu.fr\/?page_id=111"},"modified":"2011-08-30T21:13:35","modified_gmt":"2011-08-30T21:13:35","slug":"vertus","status":"publish","type":"page","link":"http:\/\/shintokarateryu.fr\/?page_id=111","title":{"rendered":"Vertus"},"content":{"rendered":"<h2 style=\"text-align: center;\">Les 9 vertus du karat\u00e9ka<\/h2>\n<p><img decoding=\"async\" loading=\"lazy\" class=\"size-full wp-image-152 alignright\" title=\"MEIYO\" src=\"http:\/\/shintokarateryu.fr\/wp-content\/uploads\/2011\/08\/MEIYO.jpg\" alt=\"\" width=\"91\" height=\"45\" \/><strong>MEIYO<\/strong><\/p>\n<p>L&rsquo;honneur :\u00a0C&rsquo;est suivre un code moral et avoir un id\u00e9al de mani\u00e8re \u00e0 se comporter dignement et respectablement.<\/p>\n<hr \/>\n<p><img decoding=\"async\" loading=\"lazy\" class=\"size-full wp-image-149 alignright\" title=\"CHUJITSU\" src=\"http:\/\/shintokarateryu.fr\/wp-content\/uploads\/2011\/08\/CHUJITSU.jpg\" alt=\"\" width=\"90\" height=\"44\" \/><strong>CHUJITSU<\/strong><\/p>\n<p>La fid\u00e9lit\u00e9 :\u00a0C&rsquo;est le devoir et la n\u00e9cessit\u00e9 incontournables de tenir ses promesses et de remplir ses engagements.<\/p>\n<hr \/>\n<p><img decoding=\"async\" loading=\"lazy\" class=\"size-full wp-image-151 alignright\" title=\"MAKOTO\" src=\"http:\/\/shintokarateryu.fr\/wp-content\/uploads\/2011\/08\/MAKOTO.jpg\" alt=\"\" width=\"146\" height=\"44\" \/><strong>MAKOTO<\/strong><\/p>\n<p>La sinc\u00e9rit\u00e9 :\u00a0C&rsquo;est la qualit\u00e9 de celui qui ne d\u00e9guise ni ses sentiments, ni ses pens\u00e9es, de celui qui sait \u00eatre authentique.<\/p>\n<hr \/>\n<p><img decoding=\"async\" loading=\"lazy\" class=\"size-full wp-image-158 alignright\" title=\"YUKI\" src=\"http:\/\/shintokarateryu.fr\/wp-content\/uploads\/2011\/08\/YUKI.jpg\" alt=\"\" width=\"89\" height=\"44\" \/><strong>YUKI<\/strong><\/p>\n<p>Le courage :\u00a0C&rsquo;est la force d&rsquo;\u00e2me qui fait braver le danger et la souffrance. La bravoure, l&rsquo;ardeur et surtout la volont\u00e9 sont les supports de ce courage.<\/p>\n<hr \/>\n<p><img decoding=\"async\" loading=\"lazy\" class=\"size-full wp-image-154 alignright\" title=\"SHINSETSU\" src=\"http:\/\/shintokarateryu.fr\/wp-content\/uploads\/2011\/08\/SHINSETSU.jpg\" alt=\"\" width=\"91\" height=\"44\" \/><strong>SHINSETSU<\/strong><\/p>\n<p>La bont\u00e9 :\u00a0C&rsquo;est une marque de courage. Elle d\u00e9note un haute humanit\u00e9 et nous pousse \u00e0 \u00eatre respectueux de la vie.<\/p>\n<hr \/>\n<p><img decoding=\"async\" loading=\"lazy\" class=\"size-full wp-image-150 alignright\" title=\"KYOKEN\" src=\"http:\/\/shintokarateryu.fr\/wp-content\/uploads\/2011\/08\/KYOKEN.jpg\" alt=\"\" width=\"92\" height=\"44\" \/><strong>KYOKEN<\/strong><\/p>\n<p>L&rsquo;humilit\u00e9 :\u00a0C&rsquo;est savoir \u00eatre modeste, exempt d&rsquo;orgueil et de vanit\u00e9.<\/p>\n<hr \/>\n<p><img decoding=\"async\" loading=\"lazy\" class=\"size-full wp-image-156 alignright\" title=\"TADASHI\" src=\"http:\/\/shintokarateryu.fr\/wp-content\/uploads\/2011\/08\/TADASHI_renchoku.jpg\" alt=\"\" width=\"92\" height=\"45\" \/><strong>TADASHI<\/strong><\/p>\n<p>La droiture :\u00a0C&rsquo;est suivre la ligne du devoir et ne jamais s&rsquo;en \u00e9carter. Elle nous permet de prendre sans aucune faiblesse une d\u00e9cision juste et raisonnable.<\/p>\n<hr \/>\n<p><img decoding=\"async\" loading=\"lazy\" class=\"size-full wp-image-155 alignright\" title=\"SONCHOO\" src=\"http:\/\/shintokarateryu.fr\/wp-content\/uploads\/2011\/08\/SONCHOO.jpg\" alt=\"\" width=\"91\" height=\"45\" \/><strong>SONCHOO<\/strong><\/p>\n<p>Le respect :\u00a0C&rsquo;est savoir traiter les personnes et les choses avec d\u00e9f\u00e9rence. C&rsquo;est le premier devoir d&rsquo;un Budoka.<\/p>\n<hr \/>\n<p><img decoding=\"async\" loading=\"lazy\" class=\"size-full wp-image-153 alignright\" title=\"SEIGYO\" src=\"http:\/\/shintokarateryu.fr\/wp-content\/uploads\/2011\/08\/SEIGYO.jpg\" alt=\"\" width=\"91\" height=\"44\" \/><strong>SEIGYO<\/strong><\/p>\n<p style=\"text-align: left;\">Le contr\u00f4le de soi :\u00a0C&rsquo;est la qualit\u00e9 essentielle d&rsquo;une ceinture noire car elle conditionne toute son efficacit\u00e9. Le code d&rsquo;honneur et la morale traditionnelle enseign\u00e9s par le karat\u00e9 do sont bas\u00e9s sur l&rsquo;acquisition de cette ma\u00eetrise.<\/p>\n","protected":false},"excerpt":{"rendered":"<p>Les 9 vertus du karat\u00e9ka MEIYO L&rsquo;honneur :\u00a0C&rsquo;est suivre un code moral et avoir un id\u00e9al de mani\u00e8re \u00e0 se comporter dignement et respectablement. CHUJITSU La fid\u00e9lit\u00e9 :\u00a0C&rsquo;est le devoir et la n\u00e9cessit\u00e9 incontournables de tenir ses promesses et de remplir ses engagements. MAKOTO La sinc\u00e9rit\u00e9 :\u00a0C&rsquo;est la qualit\u00e9 de celui qui ne d\u00e9guise ni &hellip;<\/p>\n<p class=\"read-more\"> <a class=\"\" href=\"http:\/\/shintokarateryu.fr\/?page_id=111\"> <span class=\"screen-reader-text\">Vertus<\/span> Lire la suite\u00a0\u00bb<\/a><\/p>\n","protected":false},"author":1,"featured_media":0,"parent":120,"menu_order":6,"comment_status":"closed","ping_status":"closed","template":"onecolumn-page.php","meta":{"site-sidebar-layout":"default","site-content-layout":"default","ast-global-header-display":"","ast-banner-title-visibility":"","ast-main-header-display":"","ast-hfb-above-header-display":"","ast-hfb-below-header-display":"","ast-hfb-mobile-header-display":"","site-post-title":"","ast-breadcrumbs-content":"","ast-featured-img":"","footer-sml-layout":"","theme-transparent-header-meta":"","adv-header-id-meta":"","stick-header-meta":"","header-above-stick-meta":"","header-main-stick-meta":"","header-below-stick-meta":"","ngg_post_thumbnail":0},"_links":{"self":[{"href":"http:\/\/shintokarateryu.fr\/index.php?rest_route=\/wp\/v2\/pages\/111"}],"collection":[{"href":"http:\/\/shintokarateryu.fr\/index.php?rest_route=\/wp\/v2\/pages"}],"about":[{"href":"http:\/\/shintokarateryu.fr\/index.php?rest_route=\/wp\/v2\/types\/page"}],"author":[{"embeddable":true,"href":"http:\/\/shintokarateryu.fr\/index.php?rest_route=\/wp\/v2\/users\/1"}],"replies":[{"embeddable":true,"href":"http:\/\/shintokarateryu.fr\/index.php?rest_route=%2Fwp%2Fv2%2Fcomments&post=111"}],"version-history":[{"count":25,"href":"http:\/\/shintokarateryu.fr\/index.php?rest_route=\/wp\/v2\/pages\/111\/revisions"}],"predecessor-version":[{"id":159,"href":"http:\/\/shintokarateryu.fr\/index.php?rest_route=\/wp\/v2\/pages\/111\/revisions\/159"}],"up":[{"embeddable":true,"href":"http:\/\/shintokarateryu.fr\/index.php?rest_route=\/wp\/v2\/pages\/120"}],"wp:attachment":[{"href":"http:\/\/shintokarateryu.fr\/index.php?rest_route=%2Fwp%2Fv2%2Fmedia&parent=111"}],"curies":[{"name":"wp","href":"https:\/\/api.w.org\/{rel}","templated":true}]}}